{"id":95877,"date":"2019-03-08T11:01:39","date_gmt":"2019-03-08T10:01:39","guid":{"rendered":"https:\/\/www.magnetenspecialist.nl\/winkel\/non%20class\u00e9\/aimant-de-peche-75-x-25-mm-boulon-a-oeil-en-acier-inoxydable-mousqueton-corde-de-20-metres-250kg\/"},"modified":"2025-03-18T16:32:52","modified_gmt":"2025-03-18T15:32:52","slug":"vismagneet-75-x-25-mm-oogmoer-bout-musketon-20-meter-touw-250kg","status":"publish","type":"product","link":"https:\/\/www.magnetenspecialist.nl\/fr\/magasin\/aimants-pour-la-peche-aux-tresors\/vismagneet-75-x-25-mm-oogmoer-bout-musketon-20-meter-touw-250kg\/","title":{"rendered":"Aimant \u00e0 poisson 75 x 25 mm + boulon \u00e0 \u0153il en acier inoxydable, mousqueton, corde de 20 m\u00e8tres (250KG)"},"content":{"rendered":"<h3>Aimant \u00e0 poisson 75 x 25 mm + boulon \u00e0 \u0153il en acier inoxydable, mousqueton, corde de 20 m\u00e8tres<\/h3>\n<p>Force de maintien 250 KG &#8211; Note La force de maintien est d\u00e9termin\u00e9e sur un acier solide d&#8217;au moins 5 mm d&#8217;\u00e9paisseur.<\/p>\n<p><img decoding=\"async\" class=\"alignnone size-medium wp-image-113140\" src=\"https:\/\/www.magnetenspecialist.nl\/wp-content\/uploads\/2019\/03\/Magnetenspecialist.nl_Vismagneet-75-x-25-mm_1-300x300.jpg\" alt=\"\" width=\"300\" height=\"300\" srcset=\"https:\/\/www.magnetenspecialist.nl\/wp-content\/uploads\/2019\/03\/Magnetenspecialist.nl_Vismagneet-75-x-25-mm_1-300x300.jpg 300w, https:\/\/www.magnetenspecialist.nl\/wp-content\/uploads\/2019\/03\/Magnetenspecialist.nl_Vismagneet-75-x-25-mm_1-1024x1024.jpg 1024w, https:\/\/www.magnetenspecialist.nl\/wp-content\/uploads\/2019\/03\/Magnetenspecialist.nl_Vismagneet-75-x-25-mm_1-150x150.jpg 150w, https:\/\/www.magnetenspecialist.nl\/wp-content\/uploads\/2019\/03\/Magnetenspecialist.nl_Vismagneet-75-x-25-mm_1-768x768.jpg 768w, https:\/\/www.magnetenspecialist.nl\/wp-content\/uploads\/2019\/03\/Magnetenspecialist.nl_Vismagneet-75-x-25-mm_1-600x600.jpg 600w, https:\/\/www.magnetenspecialist.nl\/wp-content\/uploads\/2019\/03\/Magnetenspecialist.nl_Vismagneet-75-x-25-mm_1-100x100.jpg 100w, https:\/\/www.magnetenspecialist.nl\/wp-content\/uploads\/2019\/03\/Magnetenspecialist.nl_Vismagneet-75-x-25-mm_1.jpg 1500w\" sizes=\"(max-width: 300px) 100vw, 300px\" \/><\/p>\n<p>La p\u00eache \u00e0 l\u2019aimant ressemble souvent \u00e0 la p\u00eache normale telle que tout le monde la conna\u00eet, mais ici, elle n\u2019est pas p\u00each\u00e9e pour de vrais poissons mais pour des objets m\u00e9talliques qui se trouvent dans l\u2019eau. Vous pouvez penser aux flaques d\u2019eau, aux foss\u00e9s, \u00e0 la mer, aux lacs et aux canaux. Il ne vous surprendra pas qu\u2019il soit plein d\u2019objets m\u00e9talliques. Ceux-ci peuvent \u00eatre les objets les plus divers. Contemporain, mais aussi ancien.<\/p>\n","protected":false},"excerpt":{"rendered":"<p>Aimant \u00e0 poisson 75 x 25 mm + boulon \u00e0 \u0153il en acier inoxydable, mousqueton, corde de 20 m\u00e8tres Force de maintien 250 KG &#8211; Note La force de maintien est d\u00e9termin\u00e9e sur un acier solide d&#8217;au moins 5 mm d&#8217;\u00e9paisseur. La p\u00eache \u00e0 l\u2019aimant ressemble souvent \u00e0 la p\u00eache normale telle que tout le [&hellip;]<\/p>\n","protected":false},"featured_media":113146,"template":"","meta":{"_acf_changed":false},"product_brand":[3521],"product_cat":[1409],"product_tag":[3156],"class_list":{"0":"post-95877","1":"product","2":"type-product","3":"status-publish","4":"has-post-thumbnail","6":"product_brand-magnetenspecialist","7":"product_cat-aimants-pour-la-peche-aux-tresors","8":"product_tag-groep-1-fr","9":"pa_houdkracht-250-fr","10":"pa_magnetiseringsrichting-axiaal-fr","11":"pa_materiaal-nickele-ni-cu-ni-fr-2","12":"pa_model-aimant-en-neodyme-en-pot","14":"first","15":"instock","16":"featured","17":"taxable","18":"shipping-taxable","19":"purchasable","20":"product-type-simple"},"supplier_id":null,"supplier_sku":"","barcode":null,"atum_controlled":true,"out_stock_date":null,"out_stock_threshold":null,"inheritable":false,"inbound_stock":0,"stock_on_hold":0,"sold_today":0,"sales_last_days":0,"reserved_stock":0,"customer_returns":0,"warehouse_damage":0,"lost_in_post":0,"other_logs":0,"out_stock_days":0,"lost_sales":0,"has_location":false,"update_date":"2026-04-21T10:35:36","atum_locations":[],"atum_stock_status":"instock","restock_status":false,"low_stock_amount":"","sales_update_date":"2026-04-03T08:06:33","calc_backorders":null,"acf":[],"yoast_head":"<!-- This site is optimized with the Yoast SEO Premium plugin v24.7 (Yoast SEO v24.7) - https:\/\/yoast.com\/wordpress\/plugins\/seo\/ -->\n<title>Aimant \u00e0 Poisson 75 x 25mm avec Boulon \u00e0 \u0152il en Acier Inoxydable, Mousqueton et Corde de 20m (250KG)<\/title>\n<meta name=\"description\" content=\"Vous cherchez un Aimant \u00e0 poisson 75 x 25 mm + boulon \u00e0 \u0153il en acier inoxydable, mousqueton, corde de 20 m\u00e8tres (250KG)? Les aimants peuvent \u00eatre achet\u00e9s facilement en ligne sur Magnetenspecialist.nl \u2713 1 jour ouvrable de d\u00e9lai de livraison \u2713 14 jours de d\u00e9lai de r\u00e9flexion \u2713 Exp\u00e9dition ou enl\u00e8vement *.\" \/>\n<meta name=\"robots\" content=\"index, follow, max-snippet:-1, max-image-preview:large, max-video-preview:-1\" \/>\n<link rel=\"canonical\" href=\"https:\/\/www.magnetenspecialist.nl\/fr\/magasin\/aimants-pour-la-peche-aux-tresors\/vismagneet-75-x-25-mm-oogmoer-bout-musketon-20-meter-touw-250kg\/\" \/>\n<meta property=\"og:locale\" content=\"fr_FR\" \/>\n<meta property=\"og:type\" content=\"article\" \/>\n<meta property=\"og:title\" content=\"Aimant \u00e0 poisson 75 x 25 mm + boulon \u00e0 \u0153il en acier inoxydable, mousqueton, corde de 20 m\u00e8tres (250KG)\" \/>\n<meta property=\"og:description\" content=\"Vous cherchez un Aimant \u00e0 poisson 75 x 25 mm + boulon \u00e0 \u0153il en acier inoxydable, mousqueton, corde de 20 m\u00e8tres (250KG)? Les aimants peuvent \u00eatre achet\u00e9s facilement en ligne sur Magnetenspecialist.nl \u2713 1 jour ouvrable de d\u00e9lai de livraison \u2713 14 jours de d\u00e9lai de r\u00e9flexion \u2713 Exp\u00e9dition ou enl\u00e8vement *.\" \/>\n<meta property=\"og:url\" content=\"https:\/\/www.magnetenspecialist.nl\/fr\/magasin\/aimants-pour-la-peche-aux-tresors\/vismagneet-75-x-25-mm-oogmoer-bout-musketon-20-meter-touw-250kg\/\" \/>\n<meta property=\"og:site_name\" content=\"Magnetenspecialist.nl\" \/>\n<meta property=\"article:publisher\" content=\"https:\/\/www.facebook.com\/Magnetenspecialist.nl\" \/>\n<meta property=\"article:modified_time\" content=\"2025-03-18T15:32:52+00:00\" \/>\n<meta property=\"og:image\" content=\"https:\/\/www.magnetenspecialist.nl\/wp-content\/uploads\/2019\/03\/Magnetenspecialist.nl_Vismagneet-75-x-25-mm_2.jpg\" \/>\n\t<meta property=\"og:image:width\" content=\"1500\" \/>\n\t<meta property=\"og:image:height\" content=\"1500\" \/>\n\t<meta property=\"og:image:type\" content=\"image\/jpeg\" \/>\n<meta name=\"twitter:card\" content=\"summary_large_image\" \/>\n<meta name=\"twitter:site\" content=\"@magnetenspecial\" \/>\n<meta name=\"twitter:label1\" content=\"Prix\" \/>\n\t<meta name=\"twitter:data1\" content=\"&euro;&nbsp;98,76\" \/>\n\t<meta name=\"twitter:label2\" content=\"Disponibilit\u00e9\" \/>\n\t<meta name=\"twitter:data2\" content=\"En stock\" \/>\n<script type=\"application\/ld+json\" class=\"yoast-schema-graph\">{\"@context\":\"https:\/\/schema.org\",\"@graph\":[{\"@type\":\"WebPage\",\"@id\":\"https:\/\/www.magnetenspecialist.nl\/fr\/magasin\/aimants-pour-la-peche-aux-tresors\/vismagneet-75-x-25-mm-oogmoer-bout-musketon-20-meter-touw-250kg\/\",\"url\":\"https:\/\/www.magnetenspecialist.nl\/fr\/magasin\/aimants-pour-la-peche-aux-tresors\/vismagneet-75-x-25-mm-oogmoer-bout-musketon-20-meter-touw-250kg\/\",\"name\":\"Aimant \u00e0 Poisson 75 x 25mm avec Boulon \u00e0 \u0152il en Acier Inoxydable, Mousqueton et Corde de 20m (250KG)\",\"isPartOf\":{\"@id\":\"https:\/\/www.magnetenspecialist.nl\/fr\/#website\"},\"primaryImageOfPage\":{\"@id\":\"https:\/\/www.magnetenspecialist.nl\/fr\/magasin\/aimants-pour-la-peche-aux-tresors\/vismagneet-75-x-25-mm-oogmoer-bout-musketon-20-meter-touw-250kg\/#primaryimage\"},\"image\":{\"@id\":\"https:\/\/www.magnetenspecialist.nl\/fr\/magasin\/aimants-pour-la-peche-aux-tresors\/vismagneet-75-x-25-mm-oogmoer-bout-musketon-20-meter-touw-250kg\/#primaryimage\"},\"thumbnailUrl\":\"https:\/\/www.magnetenspecialist.nl\/wp-content\/uploads\/2019\/03\/Magnetenspecialist.nl_Vismagneet-75-x-25-mm_2.jpg\",\"datePublished\":\"2019-03-08T10:01:39+00:00\",\"dateModified\":\"2025-03-18T15:32:52+00:00\",\"description\":\"Vous cherchez un Aimant \u00e0 poisson 75 x 25 mm + boulon \u00e0 \u0153il en acier inoxydable, mousqueton, corde de 20 m\u00e8tres (250KG)? Les aimants peuvent \u00eatre achet\u00e9s facilement en ligne sur Magnetenspecialist.nl \u2713 1 jour ouvrable de d\u00e9lai de livraison \u2713 14 jours de d\u00e9lai de r\u00e9flexion \u2713 Exp\u00e9dition ou enl\u00e8vement *.\",\"breadcrumb\":{\"@id\":\"https:\/\/www.magnetenspecialist.nl\/fr\/magasin\/aimants-pour-la-peche-aux-tresors\/vismagneet-75-x-25-mm-oogmoer-bout-musketon-20-meter-touw-250kg\/#breadcrumb\"},\"inLanguage\":\"fr-FR\",\"potentialAction\":[{\"@type\":\"ReadAction\",\"target\":[\"https:\/\/www.magnetenspecialist.nl\/fr\/magasin\/aimants-pour-la-peche-aux-tresors\/vismagneet-75-x-25-mm-oogmoer-bout-musketon-20-meter-touw-250kg\/\"]}]},{\"@type\":\"ImageObject\",\"inLanguage\":\"fr-FR\",\"@id\":\"https:\/\/www.magnetenspecialist.nl\/fr\/magasin\/aimants-pour-la-peche-aux-tresors\/vismagneet-75-x-25-mm-oogmoer-bout-musketon-20-meter-touw-250kg\/#primaryimage\",\"url\":\"https:\/\/www.magnetenspecialist.nl\/wp-content\/uploads\/2019\/03\/Magnetenspecialist.nl_Vismagneet-75-x-25-mm_2.jpg\",\"contentUrl\":\"https:\/\/www.magnetenspecialist.nl\/wp-content\/uploads\/2019\/03\/Magnetenspecialist.nl_Vismagneet-75-x-25-mm_2.jpg\",\"width\":1500,\"height\":1500},{\"@type\":\"BreadcrumbList\",\"@id\":\"https:\/\/www.magnetenspecialist.nl\/fr\/magasin\/aimants-pour-la-peche-aux-tresors\/vismagneet-75-x-25-mm-oogmoer-bout-musketon-20-meter-touw-250kg\/#breadcrumb\",\"itemListElement\":[{\"@type\":\"ListItem\",\"position\":1,\"name\":\"Accueil\",\"item\":\"https:\/\/www.magnetenspecialist.nl\/fr\/accueil\/\"},{\"@type\":\"ListItem\",\"position\":2,\"name\":\"Boutique\",\"item\":\"https:\/\/www.magnetenspecialist.nl\/fr\/boutique\/\"},{\"@type\":\"ListItem\",\"position\":3,\"name\":\"Aimant \u00e0 poisson 75 x 25 mm + boulon \u00e0 \u0153il en acier inoxydable, mousqueton, corde de 20 m\u00e8tres (250KG)\"}]},{\"@type\":\"WebSite\",\"@id\":\"https:\/\/www.magnetenspecialist.nl\/fr\/#website\",\"url\":\"https:\/\/www.magnetenspecialist.nl\/fr\/\",\"name\":\"Magnetenspecialist.nl\",\"description\":\"Vaste gamme d'aimants en n\u00e9odyme\",\"publisher\":{\"@id\":\"https:\/\/www.magnetenspecialist.nl\/fr\/#organization\"},\"potentialAction\":[{\"@type\":\"SearchAction\",\"target\":{\"@type\":\"EntryPoint\",\"urlTemplate\":\"https:\/\/www.magnetenspecialist.nl\/fr\/?s={search_term_string}\"},\"query-input\":{\"@type\":\"PropertyValueSpecification\",\"valueRequired\":true,\"valueName\":\"search_term_string\"}}],\"inLanguage\":\"fr-FR\"},{\"@type\":\"Organization\",\"@id\":\"https:\/\/www.magnetenspecialist.nl\/fr\/#organization\",\"name\":\"Magnetenspecialist.nl\",\"url\":\"https:\/\/www.magnetenspecialist.nl\/fr\/\",\"logo\":{\"@type\":\"ImageObject\",\"inLanguage\":\"fr-FR\",\"@id\":\"https:\/\/www.magnetenspecialist.nl\/fr\/#\/schema\/logo\/image\/\",\"url\":\"https:\/\/www.magnetenspecialist.nl\/wp-content\/uploads\/2018\/10\/magneten-logo.jpg\",\"contentUrl\":\"https:\/\/www.magnetenspecialist.nl\/wp-content\/uploads\/2018\/10\/magneten-logo.jpg\",\"width\":151,\"height\":151,\"caption\":\"Magnetenspecialist.nl\"},\"image\":{\"@id\":\"https:\/\/www.magnetenspecialist.nl\/fr\/#\/schema\/logo\/image\/\"},\"sameAs\":[\"https:\/\/www.facebook.com\/Magnetenspecialist.nl\",\"https:\/\/x.com\/magnetenspecial\"]}]}<\/script>\n<meta property=\"product:price:amount\" content=\"98.76\" \/>\n<meta property=\"product:price:currency\" content=\"EUR\" \/>\n<meta property=\"og:availability\" content=\"instock\" \/>\n<meta property=\"product:availability\" content=\"instock\" \/>\n<meta property=\"product:retailer_item_id\" content=\"vi075x040-N-1\" \/>\n<meta property=\"product:condition\" content=\"new\" \/>\n<!-- \/ Yoast SEO Premium plugin. -->","yoast_head_json":{"title":"Aimant \u00e0 Poisson 75 x 25mm avec Boulon \u00e0 \u0152il en Acier Inoxydable, Mousqueton et Corde de 20m (250KG)","description":"Vous cherchez un Aimant \u00e0 poisson 75 x 25 mm + boulon \u00e0 \u0153il en acier inoxydable, mousqueton, corde de 20 m\u00e8tres (250KG)? Les aimants peuvent \u00eatre achet\u00e9s facilement en ligne sur Magnetenspecialist.nl \u2713 1 jour ouvrable de d\u00e9lai de livraison \u2713 14 jours de d\u00e9lai de r\u00e9flexion \u2713 Exp\u00e9dition ou enl\u00e8vement *.","robots":{"index":"index","follow":"follow","max-snippet":"max-snippet:-1","max-image-preview":"max-image-preview:large","max-video-preview":"max-video-preview:-1"},"canonical":"https:\/\/www.magnetenspecialist.nl\/fr\/magasin\/aimants-pour-la-peche-aux-tresors\/vismagneet-75-x-25-mm-oogmoer-bout-musketon-20-meter-touw-250kg\/","og_locale":"fr_FR","og_type":"article","og_title":"Aimant \u00e0 poisson 75 x 25 mm + boulon \u00e0 \u0153il en acier inoxydable, mousqueton, corde de 20 m\u00e8tres (250KG)","og_description":"Vous cherchez un Aimant \u00e0 poisson 75 x 25 mm + boulon \u00e0 \u0153il en acier inoxydable, mousqueton, corde de 20 m\u00e8tres (250KG)? Les aimants peuvent \u00eatre achet\u00e9s facilement en ligne sur Magnetenspecialist.nl \u2713 1 jour ouvrable de d\u00e9lai de livraison \u2713 14 jours de d\u00e9lai de r\u00e9flexion \u2713 Exp\u00e9dition ou enl\u00e8vement *.","og_url":"https:\/\/www.magnetenspecialist.nl\/fr\/magasin\/aimants-pour-la-peche-aux-tresors\/vismagneet-75-x-25-mm-oogmoer-bout-musketon-20-meter-touw-250kg\/","og_site_name":"Magnetenspecialist.nl","article_publisher":"https:\/\/www.facebook.com\/Magnetenspecialist.nl","article_modified_time":"2025-03-18T15:32:52+00:00","og_image":[{"width":1500,"height":1500,"url":"https:\/\/www.magnetenspecialist.nl\/wp-content\/uploads\/2019\/03\/Magnetenspecialist.nl_Vismagneet-75-x-25-mm_2.jpg","type":"image\/jpeg"}],"twitter_card":"summary_large_image","twitter_site":"@magnetenspecial","twitter_misc":{"Prix":"&euro;&nbsp;98,76","Disponibilit\u00e9":"En stock"},"schema":{"@context":"https:\/\/schema.org","@graph":[{"@type":"WebPage","@id":"https:\/\/www.magnetenspecialist.nl\/fr\/magasin\/aimants-pour-la-peche-aux-tresors\/vismagneet-75-x-25-mm-oogmoer-bout-musketon-20-meter-touw-250kg\/","url":"https:\/\/www.magnetenspecialist.nl\/fr\/magasin\/aimants-pour-la-peche-aux-tresors\/vismagneet-75-x-25-mm-oogmoer-bout-musketon-20-meter-touw-250kg\/","name":"Aimant \u00e0 Poisson 75 x 25mm avec Boulon \u00e0 \u0152il en Acier Inoxydable, Mousqueton et Corde de 20m (250KG)","isPartOf":{"@id":"https:\/\/www.magnetenspecialist.nl\/fr\/#website"},"primaryImageOfPage":{"@id":"https:\/\/www.magnetenspecialist.nl\/fr\/magasin\/aimants-pour-la-peche-aux-tresors\/vismagneet-75-x-25-mm-oogmoer-bout-musketon-20-meter-touw-250kg\/#primaryimage"},"image":{"@id":"https:\/\/www.magnetenspecialist.nl\/fr\/magasin\/aimants-pour-la-peche-aux-tresors\/vismagneet-75-x-25-mm-oogmoer-bout-musketon-20-meter-touw-250kg\/#primaryimage"},"thumbnailUrl":"https:\/\/www.magnetenspecialist.nl\/wp-content\/uploads\/2019\/03\/Magnetenspecialist.nl_Vismagneet-75-x-25-mm_2.jpg","datePublished":"2019-03-08T10:01:39+00:00","dateModified":"2025-03-18T15:32:52+00:00","description":"Vous cherchez un Aimant \u00e0 poisson 75 x 25 mm + boulon \u00e0 \u0153il en acier inoxydable, mousqueton, corde de 20 m\u00e8tres (250KG)? Les aimants peuvent \u00eatre achet\u00e9s facilement en ligne sur Magnetenspecialist.nl \u2713 1 jour ouvrable de d\u00e9lai de livraison \u2713 14 jours de d\u00e9lai de r\u00e9flexion \u2713 Exp\u00e9dition ou enl\u00e8vement *.","breadcrumb":{"@id":"https:\/\/www.magnetenspecialist.nl\/fr\/magasin\/aimants-pour-la-peche-aux-tresors\/vismagneet-75-x-25-mm-oogmoer-bout-musketon-20-meter-touw-250kg\/#breadcrumb"},"inLanguage":"fr-FR","potentialAction":[{"@type":"ReadAction","target":["https:\/\/www.magnetenspecialist.nl\/fr\/magasin\/aimants-pour-la-peche-aux-tresors\/vismagneet-75-x-25-mm-oogmoer-bout-musketon-20-meter-touw-250kg\/"]}]},{"@type":"ImageObject","inLanguage":"fr-FR","@id":"https:\/\/www.magnetenspecialist.nl\/fr\/magasin\/aimants-pour-la-peche-aux-tresors\/vismagneet-75-x-25-mm-oogmoer-bout-musketon-20-meter-touw-250kg\/#primaryimage","url":"https:\/\/www.magnetenspecialist.nl\/wp-content\/uploads\/2019\/03\/Magnetenspecialist.nl_Vismagneet-75-x-25-mm_2.jpg","contentUrl":"https:\/\/www.magnetenspecialist.nl\/wp-content\/uploads\/2019\/03\/Magnetenspecialist.nl_Vismagneet-75-x-25-mm_2.jpg","width":1500,"height":1500},{"@type":"BreadcrumbList","@id":"https:\/\/www.magnetenspecialist.nl\/fr\/magasin\/aimants-pour-la-peche-aux-tresors\/vismagneet-75-x-25-mm-oogmoer-bout-musketon-20-meter-touw-250kg\/#breadcrumb","itemListElement":[{"@type":"ListItem","position":1,"name":"Accueil","item":"https:\/\/www.magnetenspecialist.nl\/fr\/accueil\/"},{"@type":"ListItem","position":2,"name":"Boutique","item":"https:\/\/www.magnetenspecialist.nl\/fr\/boutique\/"},{"@type":"ListItem","position":3,"name":"Aimant \u00e0 poisson 75 x 25 mm + boulon \u00e0 \u0153il en acier inoxydable, mousqueton, corde de 20 m\u00e8tres (250KG)"}]},{"@type":"WebSite","@id":"https:\/\/www.magnetenspecialist.nl\/fr\/#website","url":"https:\/\/www.magnetenspecialist.nl\/fr\/","name":"Magnetenspecialist.nl","description":"Vaste gamme d'aimants en n\u00e9odyme","publisher":{"@id":"https:\/\/www.magnetenspecialist.nl\/fr\/#organization"},"potentialAction":[{"@type":"SearchAction","target":{"@type":"EntryPoint","urlTemplate":"https:\/\/www.magnetenspecialist.nl\/fr\/?s={search_term_string}"},"query-input":{"@type":"PropertyValueSpecification","valueRequired":true,"valueName":"search_term_string"}}],"inLanguage":"fr-FR"},{"@type":"Organization","@id":"https:\/\/www.magnetenspecialist.nl\/fr\/#organization","name":"Magnetenspecialist.nl","url":"https:\/\/www.magnetenspecialist.nl\/fr\/","logo":{"@type":"ImageObject","inLanguage":"fr-FR","@id":"https:\/\/www.magnetenspecialist.nl\/fr\/#\/schema\/logo\/image\/","url":"https:\/\/www.magnetenspecialist.nl\/wp-content\/uploads\/2018\/10\/magneten-logo.jpg","contentUrl":"https:\/\/www.magnetenspecialist.nl\/wp-content\/uploads\/2018\/10\/magneten-logo.jpg","width":151,"height":151,"caption":"Magnetenspecialist.nl"},"image":{"@id":"https:\/\/www.magnetenspecialist.nl\/fr\/#\/schema\/logo\/image\/"},"sameAs":["https:\/\/www.facebook.com\/Magnetenspecialist.nl","https:\/\/x.com\/magnetenspecial"]}]},"product_price_amount":"98.76","product_price_currency":"EUR","og_availability":"instock","product_availability":"instock","product_retailer_item_id":"vi075x040-N-1","product_condition":"new"},"_links":{"self":[{"href":"https:\/\/www.magnetenspecialist.nl\/fr\/wp-json\/wp\/v2\/product\/95877","targetHints":{"allow":["GET"]}}],"collection":[{"href":"https:\/\/www.magnetenspecialist.nl\/fr\/wp-json\/wp\/v2\/product"}],"about":[{"href":"https:\/\/www.magnetenspecialist.nl\/fr\/wp-json\/wp\/v2\/types\/product"}],"wp:featuredmedia":[{"embeddable":true,"href":"https:\/\/www.magnetenspecialist.nl\/fr\/wp-json\/wp\/v2\/media\/113146"}],"wp:attachment":[{"href":"https:\/\/www.magnetenspecialist.nl\/fr\/wp-json\/wp\/v2\/media?parent=95877"}],"wp:term":[{"taxonomy":"product_brand","embeddable":true,"href":"https:\/\/www.magnetenspecialist.nl\/fr\/wp-json\/wp\/v2\/product_brand?post=95877"},{"taxonomy":"product_cat","embeddable":true,"href":"https:\/\/www.magnetenspecialist.nl\/fr\/wp-json\/wp\/v2\/product_cat?post=95877"},{"taxonomy":"product_tag","embeddable":true,"href":"https:\/\/www.magnetenspecialist.nl\/fr\/wp-json\/wp\/v2\/product_tag?post=95877"}],"curies":[{"name":"wp","href":"https:\/\/api.w.org\/{rel}","templated":true}]}}