{"id":95886,"date":"2019-03-08T11:02:57","date_gmt":"2019-03-08T10:02:57","guid":{"rendered":"https:\/\/www.magnetenspecialist.nl\/winkel\/non%20class\u00e9\/aimant-de-peche-48-x-10-mm-oeil-ecrou-boulon-mousqueton-corde-de-16-metres-88kg\/"},"modified":"2025-03-18T16:02:44","modified_gmt":"2025-03-18T15:02:44","slug":"vismagneet-48-x-10-mm-oogmoer-bout-musketon-16-meter-touw-88kg","status":"publish","type":"product","link":"https:\/\/www.magnetenspecialist.nl\/fr\/magasin\/aimants-pour-la-peche-aux-tresors\/vismagneet-48-x-10-mm-oogmoer-bout-musketon-16-meter-touw-88kg\/","title":{"rendered":"Aimant \u00e0 poisson 48 x 10 mm + \u00e9crou \u00e0 \u0153il, boulon, mousqueton, 16 m\u00e8tres de corde (88KG)"},"content":{"rendered":"<h3>Notre plus petit aimant \u00e0 poissons<\/h3>\n<h3>Aimant \u00e0 poisson 48 x 10 mm avec \u00e9crou \u00e0 \u0153il, boulon, mousqueton, corde de 16 m\u00e8tres<\/h3>\n<p>  Force de maintien 88 KG &#8211; Note La force de maintien est d\u00e9termin\u00e9e sur un acier solide d&#8217;au moins 5 mm d&#8217;\u00e9paisseur.  <\/p>\n<h3><img decoding=\"async\" class=\"alignnone wp-image-110270\" style=\"font-size: 16px;\" src=\"https:\/\/www.magnetenspecialist.nl\/wp-content\/uploads\/2019\/03\/Magnetenspecialist.nl_Vismagneet-48mm_6-300x300.jpg\" alt=\"\" width=\"99\" height=\"99\" srcset=\"https:\/\/www.magnetenspecialist.nl\/wp-content\/uploads\/2019\/03\/Magnetenspecialist.nl_Vismagneet-48mm_6-300x300.jpg 300w, https:\/\/www.magnetenspecialist.nl\/wp-content\/uploads\/2019\/03\/Magnetenspecialist.nl_Vismagneet-48mm_6-150x150.jpg 150w, https:\/\/www.magnetenspecialist.nl\/wp-content\/uploads\/2019\/03\/Magnetenspecialist.nl_Vismagneet-48mm_6-768x768.jpg 768w, https:\/\/www.magnetenspecialist.nl\/wp-content\/uploads\/2019\/03\/Magnetenspecialist.nl_Vismagneet-48mm_6-600x600.jpg 600w, https:\/\/www.magnetenspecialist.nl\/wp-content\/uploads\/2019\/03\/Magnetenspecialist.nl_Vismagneet-48mm_6-100x100.jpg 100w, https:\/\/www.magnetenspecialist.nl\/wp-content\/uploads\/2019\/03\/Magnetenspecialist.nl_Vismagneet-48mm_6.jpg 1000w\" sizes=\"(max-width: 99px) 100vw, 99px\" \/><\/h3>\n<p>  La p\u00eache magn\u00e9tique ressemble beaucoup \u00e0 la p\u00eache normale telle que tout le monde la conna\u00eet, mais ici les poissons ne sont pas de vrais poissons mais des objets m\u00e9talliques qui reposent dans l&#8217;eau. Vous pouvez penser aux flaques d\u2019eau, aux foss\u00e9s, \u00e0 la mer, aux lacs et aux canaux. Il ne vous surprendra pas qu\u2019il soit plein d\u2019objets m\u00e9talliques. Ceux-ci peuvent \u00eatre les objets les plus divers. Contemporain, mais aussi ancien.<\/p>\n","protected":false},"excerpt":{"rendered":"<p>Notre plus petit aimant \u00e0 poissons Aimant \u00e0 poisson 48 x 10 mm avec \u00e9crou \u00e0 \u0153il, boulon, mousqueton, corde de 16 m\u00e8tres Force de maintien 88 KG &#8211; Note La force de maintien est d\u00e9termin\u00e9e sur un acier solide d&#8217;au moins 5 mm d&#8217;\u00e9paisseur. La p\u00eache magn\u00e9tique ressemble beaucoup \u00e0 la p\u00eache normale telle [&hellip;]<\/p>\n","protected":false},"featured_media":110277,"template":"","meta":{"_acf_changed":false},"product_brand":[3521],"product_cat":[1409],"product_tag":[3158],"class_list":{"0":"post-95886","1":"product","2":"type-product","3":"status-publish","4":"has-post-thumbnail","6":"product_brand-magnetenspecialist","7":"product_cat-aimants-pour-la-peche-aux-tresors","8":"product_tag-groep-3-fr","9":"pa_houdkracht-88-fr","10":"pa_magnetiseringsrichting-axiaal-fr","11":"pa_materiaal-nickele-ni-cu-ni-fr-2","12":"pa_model-aimant-en-neodyme-en-pot","14":"first","15":"instock","16":"sale","17":"taxable","18":"shipping-taxable","19":"purchasable","20":"product-type-simple"},"supplier_id":null,"supplier_sku":"","barcode":null,"atum_controlled":true,"out_stock_date":null,"out_stock_threshold":null,"inheritable":false,"inbound_stock":0,"stock_on_hold":0,"sold_today":0,"sales_last_days":1,"reserved_stock":0,"customer_returns":0,"warehouse_damage":0,"lost_in_post":0,"other_logs":0,"out_stock_days":0,"lost_sales":0,"has_location":false,"update_date":"2026-04-28T06:35:34","atum_locations":[],"atum_stock_status":"instock","restock_status":false,"low_stock_amount":300,"sales_update_date":"2026-04-28T06:35:33","calc_backorders":null,"acf":[],"yoast_head":"<!-- This site is optimized with the Yoast SEO Premium plugin v24.7 (Yoast SEO v24.7) - https:\/\/yoast.com\/wordpress\/plugins\/seo\/ -->\n<title>&quot;Aimant \u00e0 Poisson 48 x 10mm avec \u00c9crou \u00e0 \u0152il, Boulon, Mousqueton et 16m de Corde (88KG)<\/title>\n<meta name=\"description\" content=\"Vous cherchez un Aimant \u00e0 poisson 48 x 10 mm + \u00e9crou \u00e0 \u0153il, boulon, mousqueton, 16 m\u00e8tres de corde (88KG)? Les aimants peuvent \u00eatre achet\u00e9s facilement en ligne sur Magnetenspecialist.nl \u2713 1 jour ouvrable de d\u00e9lai de livraison \u2713 14 jours de d\u00e9lai de r\u00e9flexion \u2713 Exp\u00e9dition ou enl\u00e8vement *.\" \/>\n<meta name=\"robots\" content=\"index, follow, max-snippet:-1, max-image-preview:large, max-video-preview:-1\" \/>\n<link rel=\"canonical\" href=\"https:\/\/www.magnetenspecialist.nl\/fr\/magasin\/aimants-pour-la-peche-aux-tresors\/vismagneet-48-x-10-mm-oogmoer-bout-musketon-16-meter-touw-88kg\/\" \/>\n<meta property=\"og:locale\" content=\"fr_FR\" \/>\n<meta property=\"og:type\" content=\"article\" \/>\n<meta property=\"og:title\" content=\"Aimant \u00e0 poisson 48 x 10 mm + \u00e9crou \u00e0 \u0153il, boulon, mousqueton, 16 m\u00e8tres de corde (88KG)\" \/>\n<meta property=\"og:description\" content=\"Vous cherchez un Aimant \u00e0 poisson 48 x 10 mm + \u00e9crou \u00e0 \u0153il, boulon, mousqueton, 16 m\u00e8tres de corde (88KG)? Les aimants peuvent \u00eatre achet\u00e9s facilement en ligne sur Magnetenspecialist.nl \u2713 1 jour ouvrable de d\u00e9lai de livraison \u2713 14 jours de d\u00e9lai de r\u00e9flexion \u2713 Exp\u00e9dition ou enl\u00e8vement *.\" \/>\n<meta property=\"og:url\" content=\"https:\/\/www.magnetenspecialist.nl\/fr\/magasin\/aimants-pour-la-peche-aux-tresors\/vismagneet-48-x-10-mm-oogmoer-bout-musketon-16-meter-touw-88kg\/\" \/>\n<meta property=\"og:site_name\" content=\"Magnetenspecialist.nl\" \/>\n<meta property=\"article:publisher\" content=\"https:\/\/www.facebook.com\/Magnetenspecialist.nl\" \/>\n<meta property=\"article:modified_time\" content=\"2025-03-18T15:02:44+00:00\" \/>\n<meta property=\"og:image\" content=\"https:\/\/www.magnetenspecialist.nl\/wp-content\/uploads\/2019\/03\/Magnetenspecialist.nl_Vismagneet-48mm_2-1.jpg\" \/>\n\t<meta property=\"og:image:width\" content=\"1000\" \/>\n\t<meta property=\"og:image:height\" content=\"1000\" \/>\n\t<meta property=\"og:image:type\" content=\"image\/jpeg\" \/>\n<meta name=\"twitter:card\" content=\"summary_large_image\" \/>\n<meta name=\"twitter:site\" content=\"@magnetenspecial\" \/>\n<meta name=\"twitter:label1\" content=\"Prix\" \/>\n\t<meta name=\"twitter:data1\" content=\"&euro;&nbsp;19,42\" \/>\n\t<meta name=\"twitter:label2\" content=\"Disponibilit\u00e9\" \/>\n\t<meta name=\"twitter:data2\" content=\"En stock\" \/>\n<script type=\"application\/ld+json\" class=\"yoast-schema-graph\">{\"@context\":\"https:\/\/schema.org\",\"@graph\":[{\"@type\":\"WebPage\",\"@id\":\"https:\/\/www.magnetenspecialist.nl\/fr\/magasin\/aimants-pour-la-peche-aux-tresors\/vismagneet-48-x-10-mm-oogmoer-bout-musketon-16-meter-touw-88kg\/\",\"url\":\"https:\/\/www.magnetenspecialist.nl\/fr\/magasin\/aimants-pour-la-peche-aux-tresors\/vismagneet-48-x-10-mm-oogmoer-bout-musketon-16-meter-touw-88kg\/\",\"name\":\"\\\"Aimant \u00e0 Poisson 48 x 10mm avec \u00c9crou \u00e0 \u0152il, Boulon, Mousqueton et 16m de Corde (88KG)\",\"isPartOf\":{\"@id\":\"https:\/\/www.magnetenspecialist.nl\/fr\/#website\"},\"primaryImageOfPage\":{\"@id\":\"https:\/\/www.magnetenspecialist.nl\/fr\/magasin\/aimants-pour-la-peche-aux-tresors\/vismagneet-48-x-10-mm-oogmoer-bout-musketon-16-meter-touw-88kg\/#primaryimage\"},\"image\":{\"@id\":\"https:\/\/www.magnetenspecialist.nl\/fr\/magasin\/aimants-pour-la-peche-aux-tresors\/vismagneet-48-x-10-mm-oogmoer-bout-musketon-16-meter-touw-88kg\/#primaryimage\"},\"thumbnailUrl\":\"https:\/\/www.magnetenspecialist.nl\/wp-content\/uploads\/2019\/03\/Magnetenspecialist.nl_Vismagneet-48mm_2-1.jpg\",\"datePublished\":\"2019-03-08T10:02:57+00:00\",\"dateModified\":\"2025-03-18T15:02:44+00:00\",\"description\":\"Vous cherchez un Aimant \u00e0 poisson 48 x 10 mm + \u00e9crou \u00e0 \u0153il, boulon, mousqueton, 16 m\u00e8tres de corde (88KG)? Les aimants peuvent \u00eatre achet\u00e9s facilement en ligne sur Magnetenspecialist.nl \u2713 1 jour ouvrable de d\u00e9lai de livraison \u2713 14 jours de d\u00e9lai de r\u00e9flexion \u2713 Exp\u00e9dition ou enl\u00e8vement *.\",\"breadcrumb\":{\"@id\":\"https:\/\/www.magnetenspecialist.nl\/fr\/magasin\/aimants-pour-la-peche-aux-tresors\/vismagneet-48-x-10-mm-oogmoer-bout-musketon-16-meter-touw-88kg\/#breadcrumb\"},\"inLanguage\":\"fr-FR\",\"potentialAction\":[{\"@type\":\"ReadAction\",\"target\":[\"https:\/\/www.magnetenspecialist.nl\/fr\/magasin\/aimants-pour-la-peche-aux-tresors\/vismagneet-48-x-10-mm-oogmoer-bout-musketon-16-meter-touw-88kg\/\"]}]},{\"@type\":\"ImageObject\",\"inLanguage\":\"fr-FR\",\"@id\":\"https:\/\/www.magnetenspecialist.nl\/fr\/magasin\/aimants-pour-la-peche-aux-tresors\/vismagneet-48-x-10-mm-oogmoer-bout-musketon-16-meter-touw-88kg\/#primaryimage\",\"url\":\"https:\/\/www.magnetenspecialist.nl\/wp-content\/uploads\/2019\/03\/Magnetenspecialist.nl_Vismagneet-48mm_2-1.jpg\",\"contentUrl\":\"https:\/\/www.magnetenspecialist.nl\/wp-content\/uploads\/2019\/03\/Magnetenspecialist.nl_Vismagneet-48mm_2-1.jpg\",\"width\":1000,\"height\":1000},{\"@type\":\"BreadcrumbList\",\"@id\":\"https:\/\/www.magnetenspecialist.nl\/fr\/magasin\/aimants-pour-la-peche-aux-tresors\/vismagneet-48-x-10-mm-oogmoer-bout-musketon-16-meter-touw-88kg\/#breadcrumb\",\"itemListElement\":[{\"@type\":\"ListItem\",\"position\":1,\"name\":\"Accueil\",\"item\":\"https:\/\/www.magnetenspecialist.nl\/fr\/accueil\/\"},{\"@type\":\"ListItem\",\"position\":2,\"name\":\"Boutique\",\"item\":\"https:\/\/www.magnetenspecialist.nl\/fr\/boutique\/\"},{\"@type\":\"ListItem\",\"position\":3,\"name\":\"Aimant \u00e0 poisson 48 x 10 mm + \u00e9crou \u00e0 \u0153il, boulon, mousqueton, 16 m\u00e8tres de corde (88KG)\"}]},{\"@type\":\"WebSite\",\"@id\":\"https:\/\/www.magnetenspecialist.nl\/fr\/#website\",\"url\":\"https:\/\/www.magnetenspecialist.nl\/fr\/\",\"name\":\"Magnetenspecialist.nl\",\"description\":\"Vaste gamme d'aimants en n\u00e9odyme\",\"publisher\":{\"@id\":\"https:\/\/www.magnetenspecialist.nl\/fr\/#organization\"},\"potentialAction\":[{\"@type\":\"SearchAction\",\"target\":{\"@type\":\"EntryPoint\",\"urlTemplate\":\"https:\/\/www.magnetenspecialist.nl\/fr\/?s={search_term_string}\"},\"query-input\":{\"@type\":\"PropertyValueSpecification\",\"valueRequired\":true,\"valueName\":\"search_term_string\"}}],\"inLanguage\":\"fr-FR\"},{\"@type\":\"Organization\",\"@id\":\"https:\/\/www.magnetenspecialist.nl\/fr\/#organization\",\"name\":\"Magnetenspecialist.nl\",\"url\":\"https:\/\/www.magnetenspecialist.nl\/fr\/\",\"logo\":{\"@type\":\"ImageObject\",\"inLanguage\":\"fr-FR\",\"@id\":\"https:\/\/www.magnetenspecialist.nl\/fr\/#\/schema\/logo\/image\/\",\"url\":\"https:\/\/www.magnetenspecialist.nl\/wp-content\/uploads\/2018\/10\/magneten-logo.jpg\",\"contentUrl\":\"https:\/\/www.magnetenspecialist.nl\/wp-content\/uploads\/2018\/10\/magneten-logo.jpg\",\"width\":151,\"height\":151,\"caption\":\"Magnetenspecialist.nl\"},\"image\":{\"@id\":\"https:\/\/www.magnetenspecialist.nl\/fr\/#\/schema\/logo\/image\/\"},\"sameAs\":[\"https:\/\/www.facebook.com\/Magnetenspecialist.nl\",\"https:\/\/x.com\/magnetenspecial\"]}]}<\/script>\n<meta property=\"product:price:amount\" content=\"19.42\" \/>\n<meta property=\"product:price:currency\" content=\"EUR\" \/>\n<meta property=\"og:availability\" content=\"instock\" \/>\n<meta property=\"product:availability\" content=\"instock\" \/>\n<meta property=\"product:retailer_item_id\" content=\"vi048x010-N\" \/>\n<meta property=\"product:condition\" content=\"new\" \/>\n<!-- \/ Yoast SEO Premium plugin. -->","yoast_head_json":{"title":"\"Aimant \u00e0 Poisson 48 x 10mm avec \u00c9crou \u00e0 \u0152il, Boulon, Mousqueton et 16m de Corde (88KG)","description":"Vous cherchez un Aimant \u00e0 poisson 48 x 10 mm + \u00e9crou \u00e0 \u0153il, boulon, mousqueton, 16 m\u00e8tres de corde (88KG)? Les aimants peuvent \u00eatre achet\u00e9s facilement en ligne sur Magnetenspecialist.nl \u2713 1 jour ouvrable de d\u00e9lai de livraison \u2713 14 jours de d\u00e9lai de r\u00e9flexion \u2713 Exp\u00e9dition ou enl\u00e8vement *.","robots":{"index":"index","follow":"follow","max-snippet":"max-snippet:-1","max-image-preview":"max-image-preview:large","max-video-preview":"max-video-preview:-1"},"canonical":"https:\/\/www.magnetenspecialist.nl\/fr\/magasin\/aimants-pour-la-peche-aux-tresors\/vismagneet-48-x-10-mm-oogmoer-bout-musketon-16-meter-touw-88kg\/","og_locale":"fr_FR","og_type":"article","og_title":"Aimant \u00e0 poisson 48 x 10 mm + \u00e9crou \u00e0 \u0153il, boulon, mousqueton, 16 m\u00e8tres de corde (88KG)","og_description":"Vous cherchez un Aimant \u00e0 poisson 48 x 10 mm + \u00e9crou \u00e0 \u0153il, boulon, mousqueton, 16 m\u00e8tres de corde (88KG)? Les aimants peuvent \u00eatre achet\u00e9s facilement en ligne sur Magnetenspecialist.nl \u2713 1 jour ouvrable de d\u00e9lai de livraison \u2713 14 jours de d\u00e9lai de r\u00e9flexion \u2713 Exp\u00e9dition ou enl\u00e8vement *.","og_url":"https:\/\/www.magnetenspecialist.nl\/fr\/magasin\/aimants-pour-la-peche-aux-tresors\/vismagneet-48-x-10-mm-oogmoer-bout-musketon-16-meter-touw-88kg\/","og_site_name":"Magnetenspecialist.nl","article_publisher":"https:\/\/www.facebook.com\/Magnetenspecialist.nl","article_modified_time":"2025-03-18T15:02:44+00:00","og_image":[{"width":1000,"height":1000,"url":"https:\/\/www.magnetenspecialist.nl\/wp-content\/uploads\/2019\/03\/Magnetenspecialist.nl_Vismagneet-48mm_2-1.jpg","type":"image\/jpeg"}],"twitter_card":"summary_large_image","twitter_site":"@magnetenspecial","twitter_misc":{"Prix":"&euro;&nbsp;19,42","Disponibilit\u00e9":"En stock"},"schema":{"@context":"https:\/\/schema.org","@graph":[{"@type":"WebPage","@id":"https:\/\/www.magnetenspecialist.nl\/fr\/magasin\/aimants-pour-la-peche-aux-tresors\/vismagneet-48-x-10-mm-oogmoer-bout-musketon-16-meter-touw-88kg\/","url":"https:\/\/www.magnetenspecialist.nl\/fr\/magasin\/aimants-pour-la-peche-aux-tresors\/vismagneet-48-x-10-mm-oogmoer-bout-musketon-16-meter-touw-88kg\/","name":"\"Aimant \u00e0 Poisson 48 x 10mm avec \u00c9crou \u00e0 \u0152il, Boulon, Mousqueton et 16m de Corde (88KG)","isPartOf":{"@id":"https:\/\/www.magnetenspecialist.nl\/fr\/#website"},"primaryImageOfPage":{"@id":"https:\/\/www.magnetenspecialist.nl\/fr\/magasin\/aimants-pour-la-peche-aux-tresors\/vismagneet-48-x-10-mm-oogmoer-bout-musketon-16-meter-touw-88kg\/#primaryimage"},"image":{"@id":"https:\/\/www.magnetenspecialist.nl\/fr\/magasin\/aimants-pour-la-peche-aux-tresors\/vismagneet-48-x-10-mm-oogmoer-bout-musketon-16-meter-touw-88kg\/#primaryimage"},"thumbnailUrl":"https:\/\/www.magnetenspecialist.nl\/wp-content\/uploads\/2019\/03\/Magnetenspecialist.nl_Vismagneet-48mm_2-1.jpg","datePublished":"2019-03-08T10:02:57+00:00","dateModified":"2025-03-18T15:02:44+00:00","description":"Vous cherchez un Aimant \u00e0 poisson 48 x 10 mm + \u00e9crou \u00e0 \u0153il, boulon, mousqueton, 16 m\u00e8tres de corde (88KG)? Les aimants peuvent \u00eatre achet\u00e9s facilement en ligne sur Magnetenspecialist.nl \u2713 1 jour ouvrable de d\u00e9lai de livraison \u2713 14 jours de d\u00e9lai de r\u00e9flexion \u2713 Exp\u00e9dition ou enl\u00e8vement *.","breadcrumb":{"@id":"https:\/\/www.magnetenspecialist.nl\/fr\/magasin\/aimants-pour-la-peche-aux-tresors\/vismagneet-48-x-10-mm-oogmoer-bout-musketon-16-meter-touw-88kg\/#breadcrumb"},"inLanguage":"fr-FR","potentialAction":[{"@type":"ReadAction","target":["https:\/\/www.magnetenspecialist.nl\/fr\/magasin\/aimants-pour-la-peche-aux-tresors\/vismagneet-48-x-10-mm-oogmoer-bout-musketon-16-meter-touw-88kg\/"]}]},{"@type":"ImageObject","inLanguage":"fr-FR","@id":"https:\/\/www.magnetenspecialist.nl\/fr\/magasin\/aimants-pour-la-peche-aux-tresors\/vismagneet-48-x-10-mm-oogmoer-bout-musketon-16-meter-touw-88kg\/#primaryimage","url":"https:\/\/www.magnetenspecialist.nl\/wp-content\/uploads\/2019\/03\/Magnetenspecialist.nl_Vismagneet-48mm_2-1.jpg","contentUrl":"https:\/\/www.magnetenspecialist.nl\/wp-content\/uploads\/2019\/03\/Magnetenspecialist.nl_Vismagneet-48mm_2-1.jpg","width":1000,"height":1000},{"@type":"BreadcrumbList","@id":"https:\/\/www.magnetenspecialist.nl\/fr\/magasin\/aimants-pour-la-peche-aux-tresors\/vismagneet-48-x-10-mm-oogmoer-bout-musketon-16-meter-touw-88kg\/#breadcrumb","itemListElement":[{"@type":"ListItem","position":1,"name":"Accueil","item":"https:\/\/www.magnetenspecialist.nl\/fr\/accueil\/"},{"@type":"ListItem","position":2,"name":"Boutique","item":"https:\/\/www.magnetenspecialist.nl\/fr\/boutique\/"},{"@type":"ListItem","position":3,"name":"Aimant \u00e0 poisson 48 x 10 mm + \u00e9crou \u00e0 \u0153il, boulon, mousqueton, 16 m\u00e8tres de corde (88KG)"}]},{"@type":"WebSite","@id":"https:\/\/www.magnetenspecialist.nl\/fr\/#website","url":"https:\/\/www.magnetenspecialist.nl\/fr\/","name":"Magnetenspecialist.nl","description":"Vaste gamme d'aimants en n\u00e9odyme","publisher":{"@id":"https:\/\/www.magnetenspecialist.nl\/fr\/#organization"},"potentialAction":[{"@type":"SearchAction","target":{"@type":"EntryPoint","urlTemplate":"https:\/\/www.magnetenspecialist.nl\/fr\/?s={search_term_string}"},"query-input":{"@type":"PropertyValueSpecification","valueRequired":true,"valueName":"search_term_string"}}],"inLanguage":"fr-FR"},{"@type":"Organization","@id":"https:\/\/www.magnetenspecialist.nl\/fr\/#organization","name":"Magnetenspecialist.nl","url":"https:\/\/www.magnetenspecialist.nl\/fr\/","logo":{"@type":"ImageObject","inLanguage":"fr-FR","@id":"https:\/\/www.magnetenspecialist.nl\/fr\/#\/schema\/logo\/image\/","url":"https:\/\/www.magnetenspecialist.nl\/wp-content\/uploads\/2018\/10\/magneten-logo.jpg","contentUrl":"https:\/\/www.magnetenspecialist.nl\/wp-content\/uploads\/2018\/10\/magneten-logo.jpg","width":151,"height":151,"caption":"Magnetenspecialist.nl"},"image":{"@id":"https:\/\/www.magnetenspecialist.nl\/fr\/#\/schema\/logo\/image\/"},"sameAs":["https:\/\/www.facebook.com\/Magnetenspecialist.nl","https:\/\/x.com\/magnetenspecial"]}]},"product_price_amount":"19.42","product_price_currency":"EUR","og_availability":"instock","product_availability":"instock","product_retailer_item_id":"vi048x010-N","product_condition":"new"},"_links":{"self":[{"href":"https:\/\/www.magnetenspecialist.nl\/fr\/wp-json\/wp\/v2\/product\/95886","targetHints":{"allow":["GET"]}}],"collection":[{"href":"https:\/\/www.magnetenspecialist.nl\/fr\/wp-json\/wp\/v2\/product"}],"about":[{"href":"https:\/\/www.magnetenspecialist.nl\/fr\/wp-json\/wp\/v2\/types\/product"}],"wp:featuredmedia":[{"embeddable":true,"href":"https:\/\/www.magnetenspecialist.nl\/fr\/wp-json\/wp\/v2\/media\/110277"}],"wp:attachment":[{"href":"https:\/\/www.magnetenspecialist.nl\/fr\/wp-json\/wp\/v2\/media?parent=95886"}],"wp:term":[{"taxonomy":"product_brand","embeddable":true,"href":"https:\/\/www.magnetenspecialist.nl\/fr\/wp-json\/wp\/v2\/product_brand?post=95886"},{"taxonomy":"product_cat","embeddable":true,"href":"https:\/\/www.magnetenspecialist.nl\/fr\/wp-json\/wp\/v2\/product_cat?post=95886"},{"taxonomy":"product_tag","embeddable":true,"href":"https:\/\/www.magnetenspecialist.nl\/fr\/wp-json\/wp\/v2\/product_tag?post=95886"}],"curies":[{"name":"wp","href":"https:\/\/api.w.org\/{rel}","templated":true}]}}