{"id":99734,"date":"2021-06-07T10:18:33","date_gmt":"2021-06-07T08:18:33","guid":{"rendered":"https:\/\/www.magnetenspecialist.nl\/?post_type=product&#038;p=99734"},"modified":"2025-03-18T15:53:18","modified_gmt":"2025-03-18T14:53:18","slug":"filtermagneet-25x250mm-rvs-mt-2x-m8x12mm-n42","status":"publish","type":"product","link":"https:\/\/www.magnetenspecialist.nl\/fr\/magasin\/aimant-de-filtre\/filtermagneet-25x250mm-rvs-mt-2x-m8x12mm-n42\/","title":{"rendered":"Aimant pour filtre 25x250mm acier inoxydable mt (filetage interne 2x) M8x12mm N42 &#8211; 1000 mT (10,000 Gs)"},"content":{"rendered":"<p dir=\"ltr\" data-placeholder=\"Vertaling\"><strong>Aimant pour filtre 25x250mm acier inoxydable mt (2x) M8x12mm N42 &#8211; 1000 mT (10,000 Gs)<\/strong><\/p>\n<p dir=\"ltr\" data-placeholder=\"Vertaling\">Ces tiges filtrantes magn\u00e9tiques en n\u00e9odyme sont utilis\u00e9es pour s\u00e9parer les petites particules de fer de la poussi\u00e8re et des substances liquides ou granulaires.<\/p>\n<p dir=\"ltr\" data-placeholder=\"Vertaling\">Vous pouvez combiner plusieurs tiges ou filtres magn\u00e9tiques dans un s\u00e9parateur magn\u00e9tique en forme de grille.<\/p>\n<p id=\"tw-target-text\" class=\"tw-data-text tw-text-large XcVN5d tw-ta\" dir=\"ltr\" data-placeholder=\"Vertaling\"><strong><span class=\"Y2IQFc\" lang=\"nl\">Sp\u00e9cifications techniques: <\/span><\/strong><\/p>\n<p class=\"tw-data-text tw-text-large XcVN5d tw-ta\" dir=\"ltr\" data-placeholder=\"Vertaling\"><span class=\"Y2IQFc\" lang=\"nl\">Dimensions : \u00d825 x 250 mm<\/span><\/p>\n<p class=\"tw-data-text tw-text-large XcVN5d tw-ta\" dir=\"ltr\" data-placeholder=\"Vertaling\"><span class=\"Y2IQFc\" lang=\"nl\">densit\u00e9 de flux magn\u00e9tique : 1000 mT (10 000 Gs) (radial)<\/span><\/p>\n<p class=\"tw-data-text tw-text-large XcVN5d tw-ta\" dir=\"ltr\" data-placeholder=\"Vertaling\"><span class=\"Y2IQFc\" lang=\"nl\">Bo\u00eetier en acier inoxydable 1.4301 (V2A), soud\u00e9 herm\u00e9tiquement<\/span><\/p>\n<p class=\"tw-data-text tw-text-large XcVN5d tw-ta\" dir=\"ltr\" data-placeholder=\"Vertaling\"><span class=\"Y2IQFc\" lang=\"nl\">Filetage femelle M8 x 12 mm<\/span><\/p>\n<p class=\"tw-data-text tw-text-large XcVN5d tw-ta\" dir=\"ltr\" data-placeholder=\"Vertaling\"><span class=\"Y2IQFc\" lang=\"nl\">max. Temp\u00e9rature de fonctionnement: 120 \u00b0C<\/span><\/p>\n<p class=\"tw-data-text tw-text-large XcVN5d tw-ta\" dir=\"ltr\" data-placeholder=\"Vertaling\"><span class=\"Y2IQFc\" lang=\"nl\">Poids: env. 900 g<\/span><\/p>\n<p>&nbsp;<\/p>\n<p>&nbsp;<\/p>\n","protected":false},"excerpt":{"rendered":"<p>Aimant pour filtre 25x250mm acier inoxydable mt (2x) M8x12mm N42 &#8211; 1000 mT (10,000 Gs) Ces tiges filtrantes magn\u00e9tiques en n\u00e9odyme sont utilis\u00e9es pour s\u00e9parer les petites particules de fer de la poussi\u00e8re et des substances liquides ou granulaires. Vous pouvez combiner plusieurs tiges ou filtres magn\u00e9tiques dans un s\u00e9parateur magn\u00e9tique en forme de grille. [&hellip;]<\/p>\n","protected":false},"featured_media":113881,"template":"","meta":{"_acf_changed":false},"product_brand":[3521],"product_cat":[3267],"product_tag":[3156],"class_list":{"0":"post-99734","1":"product","2":"type-product","3":"status-publish","4":"has-post-thumbnail","6":"product_brand-magnetenspecialist","7":"product_cat-aimant-de-filtre","8":"product_tag-groep-1-fr","9":"pa_magnetisering-n42-fr","10":"pa_materiaal-acier-inoxydable-1-4301-fr","11":"pa_model-autres-aimants","13":"first","14":"instock","15":"featured","16":"taxable","17":"shipping-taxable","18":"purchasable","19":"product-type-simple"},"supplier_id":null,"supplier_sku":"","barcode":null,"atum_controlled":true,"out_stock_date":null,"out_stock_threshold":null,"inheritable":false,"inbound_stock":0,"stock_on_hold":0,"sold_today":0,"sales_last_days":0,"reserved_stock":0,"customer_returns":0,"warehouse_damage":0,"lost_in_post":0,"other_logs":0,"out_stock_days":0,"lost_sales":0,"has_location":false,"update_date":"2026-04-03T08:06:19","atum_locations":[],"atum_stock_status":"instock","restock_status":false,"low_stock_amount":10,"sales_update_date":"2026-04-03T08:06:19","calc_backorders":0,"acf":[],"yoast_head":"<!-- This site is optimized with the Yoast SEO Premium plugin v24.7 (Yoast SEO v24.7) - https:\/\/yoast.com\/wordpress\/plugins\/seo\/ -->\n<title>Aimant pour Filtre 25x250mm Acier Inoxydable MT - Filetage Interne 2x M8x12mm N42 1000 mT (10,000 Gs)<\/title>\n<meta name=\"description\" content=\"Vous cherchez un Aimant pour filtre 25x250mm acier inoxydable mt (filetage interne 2x) M8x12mm N42 - 1000 mT (10,000 Gs)? Les aimants peuvent \u00eatre achet\u00e9s facilement en ligne sur Magnetenspecialist.nl \u2713 1 jour ouvrable de d\u00e9lai de livraison \u2713 14 jours de d\u00e9lai de r\u00e9flexion \u2713 Exp\u00e9dition ou enl\u00e8vement *.\" \/>\n<meta name=\"robots\" content=\"index, follow, max-snippet:-1, max-image-preview:large, max-video-preview:-1\" \/>\n<link rel=\"canonical\" href=\"https:\/\/www.magnetenspecialist.nl\/fr\/magasin\/aimant-de-filtre\/filtermagneet-25x250mm-rvs-mt-2x-m8x12mm-n42\/\" \/>\n<meta property=\"og:locale\" content=\"fr_FR\" \/>\n<meta property=\"og:type\" content=\"article\" \/>\n<meta property=\"og:title\" content=\"Aimant pour filtre 25x250mm acier inoxydable mt (filetage interne 2x) M8x12mm N42 - 1000 mT (10,000 Gs)\" \/>\n<meta property=\"og:description\" content=\"Vous cherchez un Aimant pour filtre 25x250mm acier inoxydable mt (filetage interne 2x) M8x12mm N42 - 1000 mT (10,000 Gs)? Les aimants peuvent \u00eatre achet\u00e9s facilement en ligne sur Magnetenspecialist.nl \u2713 1 jour ouvrable de d\u00e9lai de livraison \u2713 14 jours de d\u00e9lai de r\u00e9flexion \u2713 Exp\u00e9dition ou enl\u00e8vement *.\" \/>\n<meta property=\"og:url\" content=\"https:\/\/www.magnetenspecialist.nl\/fr\/magasin\/aimant-de-filtre\/filtermagneet-25x250mm-rvs-mt-2x-m8x12mm-n42\/\" \/>\n<meta property=\"og:site_name\" content=\"Magnetenspecialist.nl\" \/>\n<meta property=\"article:publisher\" content=\"https:\/\/www.facebook.com\/Magnetenspecialist.nl\" \/>\n<meta property=\"article:modified_time\" content=\"2025-03-18T14:53:18+00:00\" \/>\n<meta property=\"og:image\" content=\"https:\/\/www.magnetenspecialist.nl\/wp-content\/uploads\/2021\/06\/Magnetenspecialist.nl_Filtermagneet-25-x-250-mm_2.jpg\" \/>\n\t<meta property=\"og:image:width\" content=\"1500\" \/>\n\t<meta property=\"og:image:height\" content=\"1500\" \/>\n\t<meta property=\"og:image:type\" content=\"image\/jpeg\" \/>\n<meta name=\"twitter:card\" content=\"summary_large_image\" \/>\n<meta name=\"twitter:site\" content=\"@magnetenspecial\" \/>\n<meta name=\"twitter:label1\" content=\"Prix\" \/>\n\t<meta name=\"twitter:data1\" content=\"&euro;&nbsp;135,45\" \/>\n\t<meta name=\"twitter:label2\" content=\"Disponibilit\u00e9\" \/>\n\t<meta name=\"twitter:data2\" content=\"En stock\" \/>\n<script type=\"application\/ld+json\" class=\"yoast-schema-graph\">{\"@context\":\"https:\/\/schema.org\",\"@graph\":[{\"@type\":\"WebPage\",\"@id\":\"https:\/\/www.magnetenspecialist.nl\/fr\/magasin\/aimant-de-filtre\/filtermagneet-25x250mm-rvs-mt-2x-m8x12mm-n42\/\",\"url\":\"https:\/\/www.magnetenspecialist.nl\/fr\/magasin\/aimant-de-filtre\/filtermagneet-25x250mm-rvs-mt-2x-m8x12mm-n42\/\",\"name\":\"Aimant pour Filtre 25x250mm Acier Inoxydable MT - Filetage Interne 2x M8x12mm N42 1000 mT (10,000 Gs)\",\"isPartOf\":{\"@id\":\"https:\/\/www.magnetenspecialist.nl\/fr\/#website\"},\"primaryImageOfPage\":{\"@id\":\"https:\/\/www.magnetenspecialist.nl\/fr\/magasin\/aimant-de-filtre\/filtermagneet-25x250mm-rvs-mt-2x-m8x12mm-n42\/#primaryimage\"},\"image\":{\"@id\":\"https:\/\/www.magnetenspecialist.nl\/fr\/magasin\/aimant-de-filtre\/filtermagneet-25x250mm-rvs-mt-2x-m8x12mm-n42\/#primaryimage\"},\"thumbnailUrl\":\"https:\/\/www.magnetenspecialist.nl\/wp-content\/uploads\/2021\/06\/Magnetenspecialist.nl_Filtermagneet-25-x-250-mm_2.jpg\",\"datePublished\":\"2021-06-07T08:18:33+00:00\",\"dateModified\":\"2025-03-18T14:53:18+00:00\",\"description\":\"Vous cherchez un Aimant pour filtre 25x250mm acier inoxydable mt (filetage interne 2x) M8x12mm N42 - 1000 mT (10,000 Gs)? Les aimants peuvent \u00eatre achet\u00e9s facilement en ligne sur Magnetenspecialist.nl \u2713 1 jour ouvrable de d\u00e9lai de livraison \u2713 14 jours de d\u00e9lai de r\u00e9flexion \u2713 Exp\u00e9dition ou enl\u00e8vement *.\",\"breadcrumb\":{\"@id\":\"https:\/\/www.magnetenspecialist.nl\/fr\/magasin\/aimant-de-filtre\/filtermagneet-25x250mm-rvs-mt-2x-m8x12mm-n42\/#breadcrumb\"},\"inLanguage\":\"fr-FR\",\"potentialAction\":[{\"@type\":\"ReadAction\",\"target\":[\"https:\/\/www.magnetenspecialist.nl\/fr\/magasin\/aimant-de-filtre\/filtermagneet-25x250mm-rvs-mt-2x-m8x12mm-n42\/\"]}]},{\"@type\":\"ImageObject\",\"inLanguage\":\"fr-FR\",\"@id\":\"https:\/\/www.magnetenspecialist.nl\/fr\/magasin\/aimant-de-filtre\/filtermagneet-25x250mm-rvs-mt-2x-m8x12mm-n42\/#primaryimage\",\"url\":\"https:\/\/www.magnetenspecialist.nl\/wp-content\/uploads\/2021\/06\/Magnetenspecialist.nl_Filtermagneet-25-x-250-mm_2.jpg\",\"contentUrl\":\"https:\/\/www.magnetenspecialist.nl\/wp-content\/uploads\/2021\/06\/Magnetenspecialist.nl_Filtermagneet-25-x-250-mm_2.jpg\",\"width\":1500,\"height\":1500},{\"@type\":\"BreadcrumbList\",\"@id\":\"https:\/\/www.magnetenspecialist.nl\/fr\/magasin\/aimant-de-filtre\/filtermagneet-25x250mm-rvs-mt-2x-m8x12mm-n42\/#breadcrumb\",\"itemListElement\":[{\"@type\":\"ListItem\",\"position\":1,\"name\":\"Accueil\",\"item\":\"https:\/\/www.magnetenspecialist.nl\/fr\/accueil\/\"},{\"@type\":\"ListItem\",\"position\":2,\"name\":\"Boutique\",\"item\":\"https:\/\/www.magnetenspecialist.nl\/fr\/boutique\/\"},{\"@type\":\"ListItem\",\"position\":3,\"name\":\"Aimant pour filtre 25x250mm acier inoxydable mt (filetage interne 2x) M8x12mm N42 &#8211; 1000 mT (10,000 Gs)\"}]},{\"@type\":\"WebSite\",\"@id\":\"https:\/\/www.magnetenspecialist.nl\/fr\/#website\",\"url\":\"https:\/\/www.magnetenspecialist.nl\/fr\/\",\"name\":\"Magnetenspecialist.nl\",\"description\":\"Vaste gamme d'aimants en n\u00e9odyme\",\"publisher\":{\"@id\":\"https:\/\/www.magnetenspecialist.nl\/fr\/#organization\"},\"potentialAction\":[{\"@type\":\"SearchAction\",\"target\":{\"@type\":\"EntryPoint\",\"urlTemplate\":\"https:\/\/www.magnetenspecialist.nl\/fr\/?s={search_term_string}\"},\"query-input\":{\"@type\":\"PropertyValueSpecification\",\"valueRequired\":true,\"valueName\":\"search_term_string\"}}],\"inLanguage\":\"fr-FR\"},{\"@type\":\"Organization\",\"@id\":\"https:\/\/www.magnetenspecialist.nl\/fr\/#organization\",\"name\":\"Magnetenspecialist.nl\",\"url\":\"https:\/\/www.magnetenspecialist.nl\/fr\/\",\"logo\":{\"@type\":\"ImageObject\",\"inLanguage\":\"fr-FR\",\"@id\":\"https:\/\/www.magnetenspecialist.nl\/fr\/#\/schema\/logo\/image\/\",\"url\":\"https:\/\/www.magnetenspecialist.nl\/wp-content\/uploads\/2018\/10\/magneten-logo.jpg\",\"contentUrl\":\"https:\/\/www.magnetenspecialist.nl\/wp-content\/uploads\/2018\/10\/magneten-logo.jpg\",\"width\":151,\"height\":151,\"caption\":\"Magnetenspecialist.nl\"},\"image\":{\"@id\":\"https:\/\/www.magnetenspecialist.nl\/fr\/#\/schema\/logo\/image\/\"},\"sameAs\":[\"https:\/\/www.facebook.com\/Magnetenspecialist.nl\",\"https:\/\/x.com\/magnetenspecial\"]}]}<\/script>\n<meta property=\"product:price:amount\" content=\"135.45\" \/>\n<meta property=\"product:price:currency\" content=\"EUR\" \/>\n<meta property=\"og:availability\" content=\"instock\" \/>\n<meta property=\"product:availability\" content=\"instock\" \/>\n<meta property=\"product:retailer_item_id\" content=\"fm25x250\" \/>\n<meta property=\"product:condition\" content=\"new\" \/>\n<!-- \/ Yoast SEO Premium plugin. -->","yoast_head_json":{"title":"Aimant pour Filtre 25x250mm Acier Inoxydable MT - Filetage Interne 2x M8x12mm N42 1000 mT (10,000 Gs)","description":"Vous cherchez un Aimant pour filtre 25x250mm acier inoxydable mt (filetage interne 2x) M8x12mm N42 - 1000 mT (10,000 Gs)? Les aimants peuvent \u00eatre achet\u00e9s facilement en ligne sur Magnetenspecialist.nl \u2713 1 jour ouvrable de d\u00e9lai de livraison \u2713 14 jours de d\u00e9lai de r\u00e9flexion \u2713 Exp\u00e9dition ou enl\u00e8vement *.","robots":{"index":"index","follow":"follow","max-snippet":"max-snippet:-1","max-image-preview":"max-image-preview:large","max-video-preview":"max-video-preview:-1"},"canonical":"https:\/\/www.magnetenspecialist.nl\/fr\/magasin\/aimant-de-filtre\/filtermagneet-25x250mm-rvs-mt-2x-m8x12mm-n42\/","og_locale":"fr_FR","og_type":"article","og_title":"Aimant pour filtre 25x250mm acier inoxydable mt (filetage interne 2x) M8x12mm N42 - 1000 mT (10,000 Gs)","og_description":"Vous cherchez un Aimant pour filtre 25x250mm acier inoxydable mt (filetage interne 2x) M8x12mm N42 - 1000 mT (10,000 Gs)? Les aimants peuvent \u00eatre achet\u00e9s facilement en ligne sur Magnetenspecialist.nl \u2713 1 jour ouvrable de d\u00e9lai de livraison \u2713 14 jours de d\u00e9lai de r\u00e9flexion \u2713 Exp\u00e9dition ou enl\u00e8vement *.","og_url":"https:\/\/www.magnetenspecialist.nl\/fr\/magasin\/aimant-de-filtre\/filtermagneet-25x250mm-rvs-mt-2x-m8x12mm-n42\/","og_site_name":"Magnetenspecialist.nl","article_publisher":"https:\/\/www.facebook.com\/Magnetenspecialist.nl","article_modified_time":"2025-03-18T14:53:18+00:00","og_image":[{"width":1500,"height":1500,"url":"https:\/\/www.magnetenspecialist.nl\/wp-content\/uploads\/2021\/06\/Magnetenspecialist.nl_Filtermagneet-25-x-250-mm_2.jpg","type":"image\/jpeg"}],"twitter_card":"summary_large_image","twitter_site":"@magnetenspecial","twitter_misc":{"Prix":"&euro;&nbsp;135,45","Disponibilit\u00e9":"En stock"},"schema":{"@context":"https:\/\/schema.org","@graph":[{"@type":"WebPage","@id":"https:\/\/www.magnetenspecialist.nl\/fr\/magasin\/aimant-de-filtre\/filtermagneet-25x250mm-rvs-mt-2x-m8x12mm-n42\/","url":"https:\/\/www.magnetenspecialist.nl\/fr\/magasin\/aimant-de-filtre\/filtermagneet-25x250mm-rvs-mt-2x-m8x12mm-n42\/","name":"Aimant pour Filtre 25x250mm Acier Inoxydable MT - Filetage Interne 2x M8x12mm N42 1000 mT (10,000 Gs)","isPartOf":{"@id":"https:\/\/www.magnetenspecialist.nl\/fr\/#website"},"primaryImageOfPage":{"@id":"https:\/\/www.magnetenspecialist.nl\/fr\/magasin\/aimant-de-filtre\/filtermagneet-25x250mm-rvs-mt-2x-m8x12mm-n42\/#primaryimage"},"image":{"@id":"https:\/\/www.magnetenspecialist.nl\/fr\/magasin\/aimant-de-filtre\/filtermagneet-25x250mm-rvs-mt-2x-m8x12mm-n42\/#primaryimage"},"thumbnailUrl":"https:\/\/www.magnetenspecialist.nl\/wp-content\/uploads\/2021\/06\/Magnetenspecialist.nl_Filtermagneet-25-x-250-mm_2.jpg","datePublished":"2021-06-07T08:18:33+00:00","dateModified":"2025-03-18T14:53:18+00:00","description":"Vous cherchez un Aimant pour filtre 25x250mm acier inoxydable mt (filetage interne 2x) M8x12mm N42 - 1000 mT (10,000 Gs)? Les aimants peuvent \u00eatre achet\u00e9s facilement en ligne sur Magnetenspecialist.nl \u2713 1 jour ouvrable de d\u00e9lai de livraison \u2713 14 jours de d\u00e9lai de r\u00e9flexion \u2713 Exp\u00e9dition ou enl\u00e8vement *.","breadcrumb":{"@id":"https:\/\/www.magnetenspecialist.nl\/fr\/magasin\/aimant-de-filtre\/filtermagneet-25x250mm-rvs-mt-2x-m8x12mm-n42\/#breadcrumb"},"inLanguage":"fr-FR","potentialAction":[{"@type":"ReadAction","target":["https:\/\/www.magnetenspecialist.nl\/fr\/magasin\/aimant-de-filtre\/filtermagneet-25x250mm-rvs-mt-2x-m8x12mm-n42\/"]}]},{"@type":"ImageObject","inLanguage":"fr-FR","@id":"https:\/\/www.magnetenspecialist.nl\/fr\/magasin\/aimant-de-filtre\/filtermagneet-25x250mm-rvs-mt-2x-m8x12mm-n42\/#primaryimage","url":"https:\/\/www.magnetenspecialist.nl\/wp-content\/uploads\/2021\/06\/Magnetenspecialist.nl_Filtermagneet-25-x-250-mm_2.jpg","contentUrl":"https:\/\/www.magnetenspecialist.nl\/wp-content\/uploads\/2021\/06\/Magnetenspecialist.nl_Filtermagneet-25-x-250-mm_2.jpg","width":1500,"height":1500},{"@type":"BreadcrumbList","@id":"https:\/\/www.magnetenspecialist.nl\/fr\/magasin\/aimant-de-filtre\/filtermagneet-25x250mm-rvs-mt-2x-m8x12mm-n42\/#breadcrumb","itemListElement":[{"@type":"ListItem","position":1,"name":"Accueil","item":"https:\/\/www.magnetenspecialist.nl\/fr\/accueil\/"},{"@type":"ListItem","position":2,"name":"Boutique","item":"https:\/\/www.magnetenspecialist.nl\/fr\/boutique\/"},{"@type":"ListItem","position":3,"name":"Aimant pour filtre 25x250mm acier inoxydable mt (filetage interne 2x) M8x12mm N42 &#8211; 1000 mT (10,000 Gs)"}]},{"@type":"WebSite","@id":"https:\/\/www.magnetenspecialist.nl\/fr\/#website","url":"https:\/\/www.magnetenspecialist.nl\/fr\/","name":"Magnetenspecialist.nl","description":"Vaste gamme d'aimants en n\u00e9odyme","publisher":{"@id":"https:\/\/www.magnetenspecialist.nl\/fr\/#organization"},"potentialAction":[{"@type":"SearchAction","target":{"@type":"EntryPoint","urlTemplate":"https:\/\/www.magnetenspecialist.nl\/fr\/?s={search_term_string}"},"query-input":{"@type":"PropertyValueSpecification","valueRequired":true,"valueName":"search_term_string"}}],"inLanguage":"fr-FR"},{"@type":"Organization","@id":"https:\/\/www.magnetenspecialist.nl\/fr\/#organization","name":"Magnetenspecialist.nl","url":"https:\/\/www.magnetenspecialist.nl\/fr\/","logo":{"@type":"ImageObject","inLanguage":"fr-FR","@id":"https:\/\/www.magnetenspecialist.nl\/fr\/#\/schema\/logo\/image\/","url":"https:\/\/www.magnetenspecialist.nl\/wp-content\/uploads\/2018\/10\/magneten-logo.jpg","contentUrl":"https:\/\/www.magnetenspecialist.nl\/wp-content\/uploads\/2018\/10\/magneten-logo.jpg","width":151,"height":151,"caption":"Magnetenspecialist.nl"},"image":{"@id":"https:\/\/www.magnetenspecialist.nl\/fr\/#\/schema\/logo\/image\/"},"sameAs":["https:\/\/www.facebook.com\/Magnetenspecialist.nl","https:\/\/x.com\/magnetenspecial"]}]},"product_price_amount":"135.45","product_price_currency":"EUR","og_availability":"instock","product_availability":"instock","product_retailer_item_id":"fm25x250","product_condition":"new"},"_links":{"self":[{"href":"https:\/\/www.magnetenspecialist.nl\/fr\/wp-json\/wp\/v2\/product\/99734"}],"collection":[{"href":"https:\/\/www.magnetenspecialist.nl\/fr\/wp-json\/wp\/v2\/product"}],"about":[{"href":"https:\/\/www.magnetenspecialist.nl\/fr\/wp-json\/wp\/v2\/types\/product"}],"wp:featuredmedia":[{"embeddable":true,"href":"https:\/\/www.magnetenspecialist.nl\/fr\/wp-json\/wp\/v2\/media\/113881"}],"wp:attachment":[{"href":"https:\/\/www.magnetenspecialist.nl\/fr\/wp-json\/wp\/v2\/media?parent=99734"}],"wp:term":[{"taxonomy":"product_brand","embeddable":true,"href":"https:\/\/www.magnetenspecialist.nl\/fr\/wp-json\/wp\/v2\/product_brand?post=99734"},{"taxonomy":"product_cat","embeddable":true,"href":"https:\/\/www.magnetenspecialist.nl\/fr\/wp-json\/wp\/v2\/product_cat?post=99734"},{"taxonomy":"product_tag","embeddable":true,"href":"https:\/\/www.magnetenspecialist.nl\/fr\/wp-json\/wp\/v2\/product_tag?post=99734"}],"curies":[{"name":"wp","href":"https:\/\/api.w.org\/{rel}","templated":true}]}}