{"id":99773,"date":"2021-05-03T15:38:04","date_gmt":"2021-05-03T13:38:04","guid":{"rendered":"https:\/\/www.magnetenspecialist.nl\/winkel\/non%20class\u00e9\/support-magnetique-dual-switch-pour-angle-de-90-degres-aide-au-soudage-force-de-traction-maximale-50-kg\/"},"modified":"2025-03-18T15:53:47","modified_gmt":"2025-03-18T14:53:47","slug":"support-daimant-a-double-interrupteur-pour-angle-de-90-degres-aide-a-la-soudure-traction-maximale-de-50-kg","status":"publish","type":"product","link":"https:\/\/www.magnetenspecialist.nl\/fr\/magasin\/autres-aimants\/support-daimant-a-double-interrupteur-pour-angle-de-90-degres-aide-a-la-soudure-traction-maximale-de-50-kg\/","title":{"rendered":"Support magn\u00e9tique Dual Switch pour un angle de 90 degr\u00e9s (outil pour le soudage) force de traction maximale 50 Kg"},"content":{"rendered":"<p class=\"tw-data-text tw-text-large XcVN5d tw-ta\" data-placeholder=\"Vertaling\"><strong><br \/>\n  <span class=\"Y2IQFc\" lang=\"nl\">Double interrupteur pour souder l&#8217;aimant \u00e0 un angle de 90 degr\u00e9s <\/span><br \/>\n<\/strong><span class=\"Y2IQFc\" lang=\"nl\">INTERRUPTEUR DE BRAS ADJUSTABLE : Ce porte-aimant est \u00e9quip\u00e9 de deux interrupteurs magn\u00e9tiques, qui peuvent ouvrir et fermer le bras magn\u00e9tique.<\/span><\/p>\n<p class=\"tw-data-text tw-text-large XcVN5d tw-ta\" data-placeholder=\"Vertaling\"><span class=\"Y2IQFc\" lang=\"nl\">ANGLE MAGNETIQUE DE 90 GRES : Utilis\u00e9 pour fixer le mat\u00e9riel magn\u00e9tique \u00e0 un angle de 90 degr\u00e9s pendant le processus de soudage.  <\/span><\/p>\n<p class=\"tw-data-text tw-text-large XcVN5d tw-ta\" data-placeholder=\"Vertaling\"><span class=\"Y2IQFc\" lang=\"nl\">Interrupteurs s\u00e9par\u00e9s : deux interrupteurs s\u00e9par\u00e9s contr\u00f4lant chaque c\u00f4t\u00e9 de l&#8217;aimant rendent l&#8217;op\u00e9ration plus facile, plus pratique et plus s\u00fbre.<\/span><\/p>\n<p class=\"tw-data-text tw-text-large XcVN5d tw-ta\" data-placeholder=\"Vertaling\"><span class=\"Y2IQFc\" lang=\"nl\">Fond de montage en V : conception de la rainure en V du fond. Mod\u00e8le : WM2-90S Mat\u00e9riau : aimant Taille : 15 x 15 x 4cm Poids : 1402g  <\/span><\/p>\n<p id=\"tw-target-text\" class=\"tw-data-text tw-text-large XcVN5d tw-ta\" data-placeholder=\"Vertaling\">\n","protected":false},"excerpt":{"rendered":"<p>Double interrupteur pour souder l&#8217;aimant \u00e0 un angle de 90 degr\u00e9s INTERRUPTEUR DE BRAS ADJUSTABLE : Ce porte-aimant est \u00e9quip\u00e9 de deux interrupteurs magn\u00e9tiques, qui peuvent ouvrir et fermer le bras magn\u00e9tique. ANGLE MAGNETIQUE DE 90 GRES : Utilis\u00e9 pour fixer le mat\u00e9riel magn\u00e9tique \u00e0 un angle de 90 degr\u00e9s pendant le processus de soudage. [&hellip;]<\/p>\n","protected":false},"featured_media":114141,"template":"","meta":{"_acf_changed":false},"product_brand":[3521],"product_cat":[1391],"product_tag":[3156],"class_list":{"0":"post-99773","1":"product","2":"type-product","3":"status-publish","4":"has-post-thumbnail","6":"product_brand-magnetenspecialist","7":"product_cat-autres-aimants","8":"product_tag-groep-1-fr","10":"first","11":"instock","12":"taxable","13":"shipping-taxable","14":"purchasable","15":"product-type-simple"},"supplier_id":null,"supplier_sku":"","barcode":null,"atum_controlled":true,"out_stock_date":null,"out_stock_threshold":null,"inheritable":false,"inbound_stock":0,"stock_on_hold":0,"sold_today":0,"sales_last_days":0,"reserved_stock":0,"customer_returns":0,"warehouse_damage":0,"lost_in_post":0,"other_logs":0,"out_stock_days":0,"lost_sales":0,"has_location":false,"update_date":"2026-04-21T09:51:23","atum_locations":[],"atum_stock_status":"instock","restock_status":false,"low_stock_amount":5,"sales_update_date":"2026-04-03T08:06:20","calc_backorders":null,"acf":[],"yoast_head":"<!-- This site is optimized with the Yoast SEO Premium plugin v24.7 (Yoast SEO v24.7) - https:\/\/yoast.com\/wordpress\/plugins\/seo\/ -->\n<title>Support magn\u00e9tique Dual Switch pour un angle de 90 degr\u00e9s (outil pour le soudage) force de traction maximale 50 Kg - Magnetenspecialist.nl<\/title>\n<meta name=\"description\" content=\"Vous cherchez un Support magn\u00e9tique Dual Switch pour un angle de 90 degr\u00e9s (outil pour le soudage) force de traction maximale 50 Kg? Les aimants peuvent \u00eatre achet\u00e9s facilement en ligne sur Magnetenspecialist.nl \u2713 1 jour ouvrable de d\u00e9lai de livraison \u2713 14 jours de d\u00e9lai de r\u00e9flexion \u2713 Exp\u00e9dition ou enl\u00e8vement *.\" \/>\n<meta name=\"robots\" content=\"index, follow, max-snippet:-1, max-image-preview:large, max-video-preview:-1\" \/>\n<link rel=\"canonical\" href=\"https:\/\/www.magnetenspecialist.nl\/fr\/magasin\/autres-aimants\/support-daimant-a-double-interrupteur-pour-angle-de-90-degres-aide-a-la-soudure-traction-maximale-de-50-kg\/\" \/>\n<meta property=\"og:locale\" content=\"fr_FR\" \/>\n<meta property=\"og:type\" content=\"article\" \/>\n<meta property=\"og:title\" content=\"Support magn\u00e9tique Dual Switch pour un angle de 90 degr\u00e9s (outil pour le soudage) force de traction maximale 50 Kg\" \/>\n<meta property=\"og:description\" content=\"Vous cherchez un Support magn\u00e9tique Dual Switch pour un angle de 90 degr\u00e9s (outil pour le soudage) force de traction maximale 50 Kg? Les aimants peuvent \u00eatre achet\u00e9s facilement en ligne sur Magnetenspecialist.nl \u2713 1 jour ouvrable de d\u00e9lai de livraison \u2713 14 jours de d\u00e9lai de r\u00e9flexion \u2713 Exp\u00e9dition ou enl\u00e8vement *.\" \/>\n<meta property=\"og:url\" content=\"https:\/\/www.magnetenspecialist.nl\/fr\/magasin\/autres-aimants\/support-daimant-a-double-interrupteur-pour-angle-de-90-degres-aide-a-la-soudure-traction-maximale-de-50-kg\/\" \/>\n<meta property=\"og:site_name\" content=\"Magnetenspecialist.nl\" \/>\n<meta property=\"article:publisher\" content=\"https:\/\/www.facebook.com\/Magnetenspecialist.nl\" \/>\n<meta property=\"article:modified_time\" content=\"2025-03-18T14:53:47+00:00\" \/>\n<meta property=\"og:image\" content=\"https:\/\/www.magnetenspecialist.nl\/wp-content\/uploads\/2021\/05\/Magnetenspecialist.nl_Dual-Switch-magneethouder-voor-90-graden-hoek-hulpmiddel-voor-lassen-maximale-trekkracht-50-Kg_4.jpg\" \/>\n\t<meta property=\"og:image:width\" content=\"1500\" \/>\n\t<meta property=\"og:image:height\" content=\"1500\" \/>\n\t<meta property=\"og:image:type\" content=\"image\/jpeg\" \/>\n<meta name=\"twitter:card\" content=\"summary_large_image\" \/>\n<meta name=\"twitter:site\" content=\"@magnetenspecial\" \/>\n<meta name=\"twitter:label1\" content=\"Prix\" \/>\n\t<meta name=\"twitter:data1\" content=\"&euro;&nbsp;109,50\" \/>\n\t<meta name=\"twitter:label2\" content=\"Disponibilit\u00e9\" \/>\n\t<meta name=\"twitter:data2\" content=\"En stock\" \/>\n<script type=\"application\/ld+json\" class=\"yoast-schema-graph\">{\"@context\":\"https:\/\/schema.org\",\"@graph\":[{\"@type\":\"WebPage\",\"@id\":\"https:\/\/www.magnetenspecialist.nl\/fr\/magasin\/autres-aimants\/support-daimant-a-double-interrupteur-pour-angle-de-90-degres-aide-a-la-soudure-traction-maximale-de-50-kg\/\",\"url\":\"https:\/\/www.magnetenspecialist.nl\/fr\/magasin\/autres-aimants\/support-daimant-a-double-interrupteur-pour-angle-de-90-degres-aide-a-la-soudure-traction-maximale-de-50-kg\/\",\"name\":\"Support magn\u00e9tique Dual Switch pour un angle de 90 degr\u00e9s (outil pour le soudage) force de traction maximale 50 Kg - Magnetenspecialist.nl\",\"isPartOf\":{\"@id\":\"https:\/\/www.magnetenspecialist.nl\/fr\/#website\"},\"primaryImageOfPage\":{\"@id\":\"https:\/\/www.magnetenspecialist.nl\/fr\/magasin\/autres-aimants\/support-daimant-a-double-interrupteur-pour-angle-de-90-degres-aide-a-la-soudure-traction-maximale-de-50-kg\/#primaryimage\"},\"image\":{\"@id\":\"https:\/\/www.magnetenspecialist.nl\/fr\/magasin\/autres-aimants\/support-daimant-a-double-interrupteur-pour-angle-de-90-degres-aide-a-la-soudure-traction-maximale-de-50-kg\/#primaryimage\"},\"thumbnailUrl\":\"https:\/\/www.magnetenspecialist.nl\/wp-content\/uploads\/2021\/05\/Magnetenspecialist.nl_Dual-Switch-magneethouder-voor-90-graden-hoek-hulpmiddel-voor-lassen-maximale-trekkracht-50-Kg_4.jpg\",\"datePublished\":\"2021-05-03T13:38:04+00:00\",\"dateModified\":\"2025-03-18T14:53:47+00:00\",\"description\":\"Vous cherchez un Support magn\u00e9tique Dual Switch pour un angle de 90 degr\u00e9s (outil pour le soudage) force de traction maximale 50 Kg? Les aimants peuvent \u00eatre achet\u00e9s facilement en ligne sur Magnetenspecialist.nl \u2713 1 jour ouvrable de d\u00e9lai de livraison \u2713 14 jours de d\u00e9lai de r\u00e9flexion \u2713 Exp\u00e9dition ou enl\u00e8vement *.\",\"breadcrumb\":{\"@id\":\"https:\/\/www.magnetenspecialist.nl\/fr\/magasin\/autres-aimants\/support-daimant-a-double-interrupteur-pour-angle-de-90-degres-aide-a-la-soudure-traction-maximale-de-50-kg\/#breadcrumb\"},\"inLanguage\":\"fr-FR\",\"potentialAction\":[{\"@type\":\"ReadAction\",\"target\":[\"https:\/\/www.magnetenspecialist.nl\/fr\/magasin\/autres-aimants\/support-daimant-a-double-interrupteur-pour-angle-de-90-degres-aide-a-la-soudure-traction-maximale-de-50-kg\/\"]}]},{\"@type\":\"ImageObject\",\"inLanguage\":\"fr-FR\",\"@id\":\"https:\/\/www.magnetenspecialist.nl\/fr\/magasin\/autres-aimants\/support-daimant-a-double-interrupteur-pour-angle-de-90-degres-aide-a-la-soudure-traction-maximale-de-50-kg\/#primaryimage\",\"url\":\"https:\/\/www.magnetenspecialist.nl\/wp-content\/uploads\/2021\/05\/Magnetenspecialist.nl_Dual-Switch-magneethouder-voor-90-graden-hoek-hulpmiddel-voor-lassen-maximale-trekkracht-50-Kg_4.jpg\",\"contentUrl\":\"https:\/\/www.magnetenspecialist.nl\/wp-content\/uploads\/2021\/05\/Magnetenspecialist.nl_Dual-Switch-magneethouder-voor-90-graden-hoek-hulpmiddel-voor-lassen-maximale-trekkracht-50-Kg_4.jpg\",\"width\":1500,\"height\":1500},{\"@type\":\"BreadcrumbList\",\"@id\":\"https:\/\/www.magnetenspecialist.nl\/fr\/magasin\/autres-aimants\/support-daimant-a-double-interrupteur-pour-angle-de-90-degres-aide-a-la-soudure-traction-maximale-de-50-kg\/#breadcrumb\",\"itemListElement\":[{\"@type\":\"ListItem\",\"position\":1,\"name\":\"Accueil\",\"item\":\"https:\/\/www.magnetenspecialist.nl\/fr\/accueil\/\"},{\"@type\":\"ListItem\",\"position\":2,\"name\":\"Boutique\",\"item\":\"https:\/\/www.magnetenspecialist.nl\/fr\/boutique\/\"},{\"@type\":\"ListItem\",\"position\":3,\"name\":\"Support magn\u00e9tique Dual Switch pour un angle de 90 degr\u00e9s (outil pour le soudage) force de traction maximale 50 Kg\"}]},{\"@type\":\"WebSite\",\"@id\":\"https:\/\/www.magnetenspecialist.nl\/fr\/#website\",\"url\":\"https:\/\/www.magnetenspecialist.nl\/fr\/\",\"name\":\"Magnetenspecialist.nl\",\"description\":\"Vaste gamme d'aimants en n\u00e9odyme\",\"publisher\":{\"@id\":\"https:\/\/www.magnetenspecialist.nl\/fr\/#organization\"},\"potentialAction\":[{\"@type\":\"SearchAction\",\"target\":{\"@type\":\"EntryPoint\",\"urlTemplate\":\"https:\/\/www.magnetenspecialist.nl\/fr\/?s={search_term_string}\"},\"query-input\":{\"@type\":\"PropertyValueSpecification\",\"valueRequired\":true,\"valueName\":\"search_term_string\"}}],\"inLanguage\":\"fr-FR\"},{\"@type\":\"Organization\",\"@id\":\"https:\/\/www.magnetenspecialist.nl\/fr\/#organization\",\"name\":\"Magnetenspecialist.nl\",\"url\":\"https:\/\/www.magnetenspecialist.nl\/fr\/\",\"logo\":{\"@type\":\"ImageObject\",\"inLanguage\":\"fr-FR\",\"@id\":\"https:\/\/www.magnetenspecialist.nl\/fr\/#\/schema\/logo\/image\/\",\"url\":\"https:\/\/www.magnetenspecialist.nl\/wp-content\/uploads\/2018\/10\/magneten-logo.jpg\",\"contentUrl\":\"https:\/\/www.magnetenspecialist.nl\/wp-content\/uploads\/2018\/10\/magneten-logo.jpg\",\"width\":151,\"height\":151,\"caption\":\"Magnetenspecialist.nl\"},\"image\":{\"@id\":\"https:\/\/www.magnetenspecialist.nl\/fr\/#\/schema\/logo\/image\/\"},\"sameAs\":[\"https:\/\/www.facebook.com\/Magnetenspecialist.nl\",\"https:\/\/x.com\/magnetenspecial\"]}]}<\/script>\n<meta property=\"product:price:amount\" content=\"109.50\" \/>\n<meta property=\"product:price:currency\" content=\"EUR\" \/>\n<meta property=\"og:availability\" content=\"instock\" \/>\n<meta property=\"product:availability\" content=\"instock\" \/>\n<meta property=\"product:retailer_item_id\" content=\"DS9050\" \/>\n<meta property=\"product:condition\" content=\"new\" \/>\n<!-- \/ Yoast SEO Premium plugin. -->","yoast_head_json":{"title":"Support magn\u00e9tique Dual Switch pour un angle de 90 degr\u00e9s (outil pour le soudage) force de traction maximale 50 Kg - Magnetenspecialist.nl","description":"Vous cherchez un Support magn\u00e9tique Dual Switch pour un angle de 90 degr\u00e9s (outil pour le soudage) force de traction maximale 50 Kg? Les aimants peuvent \u00eatre achet\u00e9s facilement en ligne sur Magnetenspecialist.nl \u2713 1 jour ouvrable de d\u00e9lai de livraison \u2713 14 jours de d\u00e9lai de r\u00e9flexion \u2713 Exp\u00e9dition ou enl\u00e8vement *.","robots":{"index":"index","follow":"follow","max-snippet":"max-snippet:-1","max-image-preview":"max-image-preview:large","max-video-preview":"max-video-preview:-1"},"canonical":"https:\/\/www.magnetenspecialist.nl\/fr\/magasin\/autres-aimants\/support-daimant-a-double-interrupteur-pour-angle-de-90-degres-aide-a-la-soudure-traction-maximale-de-50-kg\/","og_locale":"fr_FR","og_type":"article","og_title":"Support magn\u00e9tique Dual Switch pour un angle de 90 degr\u00e9s (outil pour le soudage) force de traction maximale 50 Kg","og_description":"Vous cherchez un Support magn\u00e9tique Dual Switch pour un angle de 90 degr\u00e9s (outil pour le soudage) force de traction maximale 50 Kg? Les aimants peuvent \u00eatre achet\u00e9s facilement en ligne sur Magnetenspecialist.nl \u2713 1 jour ouvrable de d\u00e9lai de livraison \u2713 14 jours de d\u00e9lai de r\u00e9flexion \u2713 Exp\u00e9dition ou enl\u00e8vement *.","og_url":"https:\/\/www.magnetenspecialist.nl\/fr\/magasin\/autres-aimants\/support-daimant-a-double-interrupteur-pour-angle-de-90-degres-aide-a-la-soudure-traction-maximale-de-50-kg\/","og_site_name":"Magnetenspecialist.nl","article_publisher":"https:\/\/www.facebook.com\/Magnetenspecialist.nl","article_modified_time":"2025-03-18T14:53:47+00:00","og_image":[{"width":1500,"height":1500,"url":"https:\/\/www.magnetenspecialist.nl\/wp-content\/uploads\/2021\/05\/Magnetenspecialist.nl_Dual-Switch-magneethouder-voor-90-graden-hoek-hulpmiddel-voor-lassen-maximale-trekkracht-50-Kg_4.jpg","type":"image\/jpeg"}],"twitter_card":"summary_large_image","twitter_site":"@magnetenspecial","twitter_misc":{"Prix":"&euro;&nbsp;109,50","Disponibilit\u00e9":"En stock"},"schema":{"@context":"https:\/\/schema.org","@graph":[{"@type":"WebPage","@id":"https:\/\/www.magnetenspecialist.nl\/fr\/magasin\/autres-aimants\/support-daimant-a-double-interrupteur-pour-angle-de-90-degres-aide-a-la-soudure-traction-maximale-de-50-kg\/","url":"https:\/\/www.magnetenspecialist.nl\/fr\/magasin\/autres-aimants\/support-daimant-a-double-interrupteur-pour-angle-de-90-degres-aide-a-la-soudure-traction-maximale-de-50-kg\/","name":"Support magn\u00e9tique Dual Switch pour un angle de 90 degr\u00e9s (outil pour le soudage) force de traction maximale 50 Kg - Magnetenspecialist.nl","isPartOf":{"@id":"https:\/\/www.magnetenspecialist.nl\/fr\/#website"},"primaryImageOfPage":{"@id":"https:\/\/www.magnetenspecialist.nl\/fr\/magasin\/autres-aimants\/support-daimant-a-double-interrupteur-pour-angle-de-90-degres-aide-a-la-soudure-traction-maximale-de-50-kg\/#primaryimage"},"image":{"@id":"https:\/\/www.magnetenspecialist.nl\/fr\/magasin\/autres-aimants\/support-daimant-a-double-interrupteur-pour-angle-de-90-degres-aide-a-la-soudure-traction-maximale-de-50-kg\/#primaryimage"},"thumbnailUrl":"https:\/\/www.magnetenspecialist.nl\/wp-content\/uploads\/2021\/05\/Magnetenspecialist.nl_Dual-Switch-magneethouder-voor-90-graden-hoek-hulpmiddel-voor-lassen-maximale-trekkracht-50-Kg_4.jpg","datePublished":"2021-05-03T13:38:04+00:00","dateModified":"2025-03-18T14:53:47+00:00","description":"Vous cherchez un Support magn\u00e9tique Dual Switch pour un angle de 90 degr\u00e9s (outil pour le soudage) force de traction maximale 50 Kg? Les aimants peuvent \u00eatre achet\u00e9s facilement en ligne sur Magnetenspecialist.nl \u2713 1 jour ouvrable de d\u00e9lai de livraison \u2713 14 jours de d\u00e9lai de r\u00e9flexion \u2713 Exp\u00e9dition ou enl\u00e8vement *.","breadcrumb":{"@id":"https:\/\/www.magnetenspecialist.nl\/fr\/magasin\/autres-aimants\/support-daimant-a-double-interrupteur-pour-angle-de-90-degres-aide-a-la-soudure-traction-maximale-de-50-kg\/#breadcrumb"},"inLanguage":"fr-FR","potentialAction":[{"@type":"ReadAction","target":["https:\/\/www.magnetenspecialist.nl\/fr\/magasin\/autres-aimants\/support-daimant-a-double-interrupteur-pour-angle-de-90-degres-aide-a-la-soudure-traction-maximale-de-50-kg\/"]}]},{"@type":"ImageObject","inLanguage":"fr-FR","@id":"https:\/\/www.magnetenspecialist.nl\/fr\/magasin\/autres-aimants\/support-daimant-a-double-interrupteur-pour-angle-de-90-degres-aide-a-la-soudure-traction-maximale-de-50-kg\/#primaryimage","url":"https:\/\/www.magnetenspecialist.nl\/wp-content\/uploads\/2021\/05\/Magnetenspecialist.nl_Dual-Switch-magneethouder-voor-90-graden-hoek-hulpmiddel-voor-lassen-maximale-trekkracht-50-Kg_4.jpg","contentUrl":"https:\/\/www.magnetenspecialist.nl\/wp-content\/uploads\/2021\/05\/Magnetenspecialist.nl_Dual-Switch-magneethouder-voor-90-graden-hoek-hulpmiddel-voor-lassen-maximale-trekkracht-50-Kg_4.jpg","width":1500,"height":1500},{"@type":"BreadcrumbList","@id":"https:\/\/www.magnetenspecialist.nl\/fr\/magasin\/autres-aimants\/support-daimant-a-double-interrupteur-pour-angle-de-90-degres-aide-a-la-soudure-traction-maximale-de-50-kg\/#breadcrumb","itemListElement":[{"@type":"ListItem","position":1,"name":"Accueil","item":"https:\/\/www.magnetenspecialist.nl\/fr\/accueil\/"},{"@type":"ListItem","position":2,"name":"Boutique","item":"https:\/\/www.magnetenspecialist.nl\/fr\/boutique\/"},{"@type":"ListItem","position":3,"name":"Support magn\u00e9tique Dual Switch pour un angle de 90 degr\u00e9s (outil pour le soudage) force de traction maximale 50 Kg"}]},{"@type":"WebSite","@id":"https:\/\/www.magnetenspecialist.nl\/fr\/#website","url":"https:\/\/www.magnetenspecialist.nl\/fr\/","name":"Magnetenspecialist.nl","description":"Vaste gamme d'aimants en n\u00e9odyme","publisher":{"@id":"https:\/\/www.magnetenspecialist.nl\/fr\/#organization"},"potentialAction":[{"@type":"SearchAction","target":{"@type":"EntryPoint","urlTemplate":"https:\/\/www.magnetenspecialist.nl\/fr\/?s={search_term_string}"},"query-input":{"@type":"PropertyValueSpecification","valueRequired":true,"valueName":"search_term_string"}}],"inLanguage":"fr-FR"},{"@type":"Organization","@id":"https:\/\/www.magnetenspecialist.nl\/fr\/#organization","name":"Magnetenspecialist.nl","url":"https:\/\/www.magnetenspecialist.nl\/fr\/","logo":{"@type":"ImageObject","inLanguage":"fr-FR","@id":"https:\/\/www.magnetenspecialist.nl\/fr\/#\/schema\/logo\/image\/","url":"https:\/\/www.magnetenspecialist.nl\/wp-content\/uploads\/2018\/10\/magneten-logo.jpg","contentUrl":"https:\/\/www.magnetenspecialist.nl\/wp-content\/uploads\/2018\/10\/magneten-logo.jpg","width":151,"height":151,"caption":"Magnetenspecialist.nl"},"image":{"@id":"https:\/\/www.magnetenspecialist.nl\/fr\/#\/schema\/logo\/image\/"},"sameAs":["https:\/\/www.facebook.com\/Magnetenspecialist.nl","https:\/\/x.com\/magnetenspecial"]}]},"product_price_amount":"109.50","product_price_currency":"EUR","og_availability":"instock","product_availability":"instock","product_retailer_item_id":"DS9050","product_condition":"new"},"_links":{"self":[{"href":"https:\/\/www.magnetenspecialist.nl\/fr\/wp-json\/wp\/v2\/product\/99773","targetHints":{"allow":["GET"]}}],"collection":[{"href":"https:\/\/www.magnetenspecialist.nl\/fr\/wp-json\/wp\/v2\/product"}],"about":[{"href":"https:\/\/www.magnetenspecialist.nl\/fr\/wp-json\/wp\/v2\/types\/product"}],"wp:featuredmedia":[{"embeddable":true,"href":"https:\/\/www.magnetenspecialist.nl\/fr\/wp-json\/wp\/v2\/media\/114141"}],"wp:attachment":[{"href":"https:\/\/www.magnetenspecialist.nl\/fr\/wp-json\/wp\/v2\/media?parent=99773"}],"wp:term":[{"taxonomy":"product_brand","embeddable":true,"href":"https:\/\/www.magnetenspecialist.nl\/fr\/wp-json\/wp\/v2\/product_brand?post=99773"},{"taxonomy":"product_cat","embeddable":true,"href":"https:\/\/www.magnetenspecialist.nl\/fr\/wp-json\/wp\/v2\/product_cat?post=99773"},{"taxonomy":"product_tag","embeddable":true,"href":"https:\/\/www.magnetenspecialist.nl\/fr\/wp-json\/wp\/v2\/product_tag?post=99773"}],"curies":[{"name":"wp","href":"https:\/\/api.w.org\/{rel}","templated":true}]}}