{"id":99776,"date":"2021-03-18T18:38:55","date_gmt":"2021-03-18T17:38:55","guid":{"rendered":"https:\/\/www.magnetenspecialist.nl\/winkel\/non%20class\u00e9\/aimant-annulaire-42-x-45-x-40-mm-n35-nickele-n-pole\/"},"modified":"2025-03-18T15:54:18","modified_gmt":"2025-03-18T14:54:18","slug":"schijf-magneet-42-x-55-x-40-mm-n35-vernikkeld","status":"publish","type":"product","link":"https:\/\/www.magnetenspecialist.nl\/fr\/magasin\/anneaux-magnetiques\/schijf-magneet-42-x-55-x-40-mm-n35-vernikkeld\/","title":{"rendered":"Aimant annulaire 42 x 9,5 x 4,5 x 4,0 mm avec trou de per\u00e7age\/enfoncement P\u00f4le Nord"},"content":{"rendered":"<p>Aimant annulaire 42 x 9,5 x 4,5 x 4,0 mm <strong>N35<\/strong> Nickel\u00e9 P\u00f4le nord  <img decoding=\"async\" class=\"alignnone wp-image-112593\" src=\"https:\/\/www.magnetenspecialist.nl\/wp-content\/uploads\/2021\/05\/Magnetenspecialist.nl_Ringmagneet-42-x-95-x-45-x-40-mm-N35-Vernikkeld_2-300x300.jpg\" alt=\"\" width=\"179\" height=\"179\" srcset=\"https:\/\/www.magnetenspecialist.nl\/wp-content\/uploads\/2021\/05\/Magnetenspecialist.nl_Ringmagneet-42-x-95-x-45-x-40-mm-N35-Vernikkeld_2-300x300.jpg 300w, https:\/\/www.magnetenspecialist.nl\/wp-content\/uploads\/2021\/05\/Magnetenspecialist.nl_Ringmagneet-42-x-95-x-45-x-40-mm-N35-Vernikkeld_2-1024x1024.jpg 1024w, https:\/\/www.magnetenspecialist.nl\/wp-content\/uploads\/2021\/05\/Magnetenspecialist.nl_Ringmagneet-42-x-95-x-45-x-40-mm-N35-Vernikkeld_2-150x150.jpg 150w, https:\/\/www.magnetenspecialist.nl\/wp-content\/uploads\/2021\/05\/Magnetenspecialist.nl_Ringmagneet-42-x-95-x-45-x-40-mm-N35-Vernikkeld_2-768x768.jpg 768w, https:\/\/www.magnetenspecialist.nl\/wp-content\/uploads\/2021\/05\/Magnetenspecialist.nl_Ringmagneet-42-x-95-x-45-x-40-mm-N35-Vernikkeld_2-600x600.jpg 600w, https:\/\/www.magnetenspecialist.nl\/wp-content\/uploads\/2021\/05\/Magnetenspecialist.nl_Ringmagneet-42-x-95-x-45-x-40-mm-N35-Vernikkeld_2-100x100.jpg 100w, https:\/\/www.magnetenspecialist.nl\/wp-content\/uploads\/2021\/05\/Magnetenspecialist.nl_Ringmagneet-42-x-95-x-45-x-40-mm-N35-Vernikkeld_2.jpg 1500w\" sizes=\"(max-width: 179px) 100vw, 179px\" \/><\/p>\n","protected":false},"excerpt":{"rendered":"<p>Aimant annulaire 42 x 9,5 x 4,5 x 4,0 mm N35 Nickel\u00e9 P\u00f4le nord<\/p>\n","protected":false},"featured_media":112591,"template":"","meta":{"_acf_changed":false},"product_brand":[3521],"product_cat":[1397],"product_tag":[3159],"class_list":{"0":"post-99776","1":"product","2":"type-product","3":"status-publish","4":"has-post-thumbnail","6":"product_brand-magnetenspecialist","7":"product_cat-anneaux-magnetiques","8":"product_tag-groep-4-fr","9":"pa_houdkracht-12-fr","10":"pa_magnetisering-n35-fr","11":"pa_magnetiseringsrichting-axiaal-fr","12":"pa_materiaal-nickele-ni-cu-ni-fr-2","13":"pa_maximale-gebruikstemperatuur-80-fr","14":"pa_model-anneaux","16":"first","17":"instock","18":"taxable","19":"shipping-taxable","20":"purchasable","21":"product-type-simple"},"supplier_id":null,"supplier_sku":"","barcode":null,"atum_controlled":true,"out_stock_date":null,"out_stock_threshold":null,"inheritable":false,"inbound_stock":0,"stock_on_hold":0,"sold_today":1,"sales_last_days":1,"reserved_stock":0,"customer_returns":0,"warehouse_damage":0,"lost_in_post":0,"other_logs":0,"out_stock_days":0,"lost_sales":0,"has_location":false,"update_date":"2026-04-21T14:31:32","atum_locations":[],"atum_stock_status":"instock","restock_status":false,"low_stock_amount":"","sales_update_date":"2026-04-21T07:19:29","calc_backorders":null,"acf":[],"yoast_head":"<!-- This site is optimized with the Yoast SEO Premium plugin v24.7 (Yoast SEO v24.7) - https:\/\/yoast.com\/wordpress\/plugins\/seo\/ -->\n<title>Aimant Annulaire 42 x 9,5 x 4,5 x 4,0 mm avec Trou de Per\u00e7age\/Enfoncement P\u00f4le Nord<\/title>\n<meta name=\"description\" content=\"Vous cherchez un Aimant annulaire 42 x 9,5 x 4,5 x 4,0 mm avec trou de per\u00e7age\/enfoncement P\u00f4le Nord? Les aimants peuvent \u00eatre achet\u00e9s facilement en ligne sur Magnetenspecialist.nl \u2713 1 jour ouvrable de d\u00e9lai de livraison \u2713 14 jours de d\u00e9lai de r\u00e9flexion \u2713 Exp\u00e9dition ou enl\u00e8vement *.\" \/>\n<meta name=\"robots\" content=\"index, follow, max-snippet:-1, max-image-preview:large, max-video-preview:-1\" \/>\n<link rel=\"canonical\" href=\"https:\/\/www.magnetenspecialist.nl\/fr\/magasin\/anneaux-magnetiques\/schijf-magneet-42-x-55-x-40-mm-n35-vernikkeld\/\" \/>\n<meta property=\"og:locale\" content=\"fr_FR\" \/>\n<meta property=\"og:type\" content=\"article\" \/>\n<meta property=\"og:title\" content=\"Aimant annulaire 42 x 9,5 x 4,5 x 4,0 mm avec trou de per\u00e7age\/enfoncement P\u00f4le Nord\" \/>\n<meta property=\"og:description\" content=\"Vous cherchez un Aimant annulaire 42 x 9,5 x 4,5 x 4,0 mm avec trou de per\u00e7age\/enfoncement P\u00f4le Nord? Les aimants peuvent \u00eatre achet\u00e9s facilement en ligne sur Magnetenspecialist.nl \u2713 1 jour ouvrable de d\u00e9lai de livraison \u2713 14 jours de d\u00e9lai de r\u00e9flexion \u2713 Exp\u00e9dition ou enl\u00e8vement *.\" \/>\n<meta property=\"og:url\" content=\"https:\/\/www.magnetenspecialist.nl\/fr\/magasin\/anneaux-magnetiques\/schijf-magneet-42-x-55-x-40-mm-n35-vernikkeld\/\" \/>\n<meta property=\"og:site_name\" content=\"Magnetenspecialist.nl\" \/>\n<meta property=\"article:publisher\" content=\"https:\/\/www.facebook.com\/Magnetenspecialist.nl\" \/>\n<meta property=\"article:modified_time\" content=\"2025-03-18T14:54:18+00:00\" \/>\n<meta property=\"og:image\" content=\"https:\/\/www.magnetenspecialist.nl\/wp-content\/uploads\/2021\/05\/Magnetenspecialist.nl_Ringmagneet-42-x-95-x-45-x-40-mm-N35-Vernikkeld_1.jpg\" \/>\n\t<meta property=\"og:image:width\" content=\"1500\" \/>\n\t<meta property=\"og:image:height\" content=\"1500\" \/>\n\t<meta property=\"og:image:type\" content=\"image\/jpeg\" \/>\n<meta name=\"twitter:card\" content=\"summary_large_image\" \/>\n<meta name=\"twitter:site\" content=\"@magnetenspecial\" \/>\n<meta name=\"twitter:label1\" content=\"Prix\" \/>\n\t<meta name=\"twitter:data1\" content=\"&euro;&nbsp;6,32\" \/>\n\t<meta name=\"twitter:label2\" content=\"Disponibilit\u00e9\" \/>\n\t<meta name=\"twitter:data2\" content=\"En stock\" \/>\n<script type=\"application\/ld+json\" class=\"yoast-schema-graph\">{\"@context\":\"https:\/\/schema.org\",\"@graph\":[{\"@type\":\"WebPage\",\"@id\":\"https:\/\/www.magnetenspecialist.nl\/fr\/magasin\/anneaux-magnetiques\/schijf-magneet-42-x-55-x-40-mm-n35-vernikkeld\/\",\"url\":\"https:\/\/www.magnetenspecialist.nl\/fr\/magasin\/anneaux-magnetiques\/schijf-magneet-42-x-55-x-40-mm-n35-vernikkeld\/\",\"name\":\"Aimant Annulaire 42 x 9,5 x 4,5 x 4,0 mm avec Trou de Per\u00e7age\/Enfoncement P\u00f4le Nord\",\"isPartOf\":{\"@id\":\"https:\/\/www.magnetenspecialist.nl\/fr\/#website\"},\"primaryImageOfPage\":{\"@id\":\"https:\/\/www.magnetenspecialist.nl\/fr\/magasin\/anneaux-magnetiques\/schijf-magneet-42-x-55-x-40-mm-n35-vernikkeld\/#primaryimage\"},\"image\":{\"@id\":\"https:\/\/www.magnetenspecialist.nl\/fr\/magasin\/anneaux-magnetiques\/schijf-magneet-42-x-55-x-40-mm-n35-vernikkeld\/#primaryimage\"},\"thumbnailUrl\":\"https:\/\/www.magnetenspecialist.nl\/wp-content\/uploads\/2021\/05\/Magnetenspecialist.nl_Ringmagneet-42-x-95-x-45-x-40-mm-N35-Vernikkeld_1.jpg\",\"datePublished\":\"2021-03-18T17:38:55+00:00\",\"dateModified\":\"2025-03-18T14:54:18+00:00\",\"description\":\"Vous cherchez un Aimant annulaire 42 x 9,5 x 4,5 x 4,0 mm avec trou de per\u00e7age\/enfoncement P\u00f4le Nord? Les aimants peuvent \u00eatre achet\u00e9s facilement en ligne sur Magnetenspecialist.nl \u2713 1 jour ouvrable de d\u00e9lai de livraison \u2713 14 jours de d\u00e9lai de r\u00e9flexion \u2713 Exp\u00e9dition ou enl\u00e8vement *.\",\"breadcrumb\":{\"@id\":\"https:\/\/www.magnetenspecialist.nl\/fr\/magasin\/anneaux-magnetiques\/schijf-magneet-42-x-55-x-40-mm-n35-vernikkeld\/#breadcrumb\"},\"inLanguage\":\"fr-FR\",\"potentialAction\":[{\"@type\":\"ReadAction\",\"target\":[\"https:\/\/www.magnetenspecialist.nl\/fr\/magasin\/anneaux-magnetiques\/schijf-magneet-42-x-55-x-40-mm-n35-vernikkeld\/\"]}]},{\"@type\":\"ImageObject\",\"inLanguage\":\"fr-FR\",\"@id\":\"https:\/\/www.magnetenspecialist.nl\/fr\/magasin\/anneaux-magnetiques\/schijf-magneet-42-x-55-x-40-mm-n35-vernikkeld\/#primaryimage\",\"url\":\"https:\/\/www.magnetenspecialist.nl\/wp-content\/uploads\/2021\/05\/Magnetenspecialist.nl_Ringmagneet-42-x-95-x-45-x-40-mm-N35-Vernikkeld_1.jpg\",\"contentUrl\":\"https:\/\/www.magnetenspecialist.nl\/wp-content\/uploads\/2021\/05\/Magnetenspecialist.nl_Ringmagneet-42-x-95-x-45-x-40-mm-N35-Vernikkeld_1.jpg\",\"width\":1500,\"height\":1500},{\"@type\":\"BreadcrumbList\",\"@id\":\"https:\/\/www.magnetenspecialist.nl\/fr\/magasin\/anneaux-magnetiques\/schijf-magneet-42-x-55-x-40-mm-n35-vernikkeld\/#breadcrumb\",\"itemListElement\":[{\"@type\":\"ListItem\",\"position\":1,\"name\":\"Accueil\",\"item\":\"https:\/\/www.magnetenspecialist.nl\/fr\/accueil\/\"},{\"@type\":\"ListItem\",\"position\":2,\"name\":\"Boutique\",\"item\":\"https:\/\/www.magnetenspecialist.nl\/fr\/boutique\/\"},{\"@type\":\"ListItem\",\"position\":3,\"name\":\"Aimant annulaire 42 x 9,5 x 4,5 x 4,0 mm avec trou de per\u00e7age\/enfoncement P\u00f4le Nord\"}]},{\"@type\":\"WebSite\",\"@id\":\"https:\/\/www.magnetenspecialist.nl\/fr\/#website\",\"url\":\"https:\/\/www.magnetenspecialist.nl\/fr\/\",\"name\":\"Magnetenspecialist.nl\",\"description\":\"Vaste gamme d'aimants en n\u00e9odyme\",\"publisher\":{\"@id\":\"https:\/\/www.magnetenspecialist.nl\/fr\/#organization\"},\"potentialAction\":[{\"@type\":\"SearchAction\",\"target\":{\"@type\":\"EntryPoint\",\"urlTemplate\":\"https:\/\/www.magnetenspecialist.nl\/fr\/?s={search_term_string}\"},\"query-input\":{\"@type\":\"PropertyValueSpecification\",\"valueRequired\":true,\"valueName\":\"search_term_string\"}}],\"inLanguage\":\"fr-FR\"},{\"@type\":\"Organization\",\"@id\":\"https:\/\/www.magnetenspecialist.nl\/fr\/#organization\",\"name\":\"Magnetenspecialist.nl\",\"url\":\"https:\/\/www.magnetenspecialist.nl\/fr\/\",\"logo\":{\"@type\":\"ImageObject\",\"inLanguage\":\"fr-FR\",\"@id\":\"https:\/\/www.magnetenspecialist.nl\/fr\/#\/schema\/logo\/image\/\",\"url\":\"https:\/\/www.magnetenspecialist.nl\/wp-content\/uploads\/2018\/10\/magneten-logo.jpg\",\"contentUrl\":\"https:\/\/www.magnetenspecialist.nl\/wp-content\/uploads\/2018\/10\/magneten-logo.jpg\",\"width\":151,\"height\":151,\"caption\":\"Magnetenspecialist.nl\"},\"image\":{\"@id\":\"https:\/\/www.magnetenspecialist.nl\/fr\/#\/schema\/logo\/image\/\"},\"sameAs\":[\"https:\/\/www.facebook.com\/Magnetenspecialist.nl\",\"https:\/\/x.com\/magnetenspecial\"]}]}<\/script>\n<meta property=\"product:price:amount\" content=\"6.32\" \/>\n<meta property=\"product:price:currency\" content=\"EUR\" \/>\n<meta property=\"og:availability\" content=\"instock\" \/>\n<meta property=\"product:availability\" content=\"instock\" \/>\n<meta property=\"product:retailer_item_id\" content=\"riz040x004.5x0095x004-N\" \/>\n<meta property=\"product:condition\" content=\"new\" \/>\n<!-- \/ Yoast SEO Premium plugin. -->","yoast_head_json":{"title":"Aimant Annulaire 42 x 9,5 x 4,5 x 4,0 mm avec Trou de Per\u00e7age\/Enfoncement P\u00f4le Nord","description":"Vous cherchez un Aimant annulaire 42 x 9,5 x 4,5 x 4,0 mm avec trou de per\u00e7age\/enfoncement P\u00f4le Nord? Les aimants peuvent \u00eatre achet\u00e9s facilement en ligne sur Magnetenspecialist.nl \u2713 1 jour ouvrable de d\u00e9lai de livraison \u2713 14 jours de d\u00e9lai de r\u00e9flexion \u2713 Exp\u00e9dition ou enl\u00e8vement *.","robots":{"index":"index","follow":"follow","max-snippet":"max-snippet:-1","max-image-preview":"max-image-preview:large","max-video-preview":"max-video-preview:-1"},"canonical":"https:\/\/www.magnetenspecialist.nl\/fr\/magasin\/anneaux-magnetiques\/schijf-magneet-42-x-55-x-40-mm-n35-vernikkeld\/","og_locale":"fr_FR","og_type":"article","og_title":"Aimant annulaire 42 x 9,5 x 4,5 x 4,0 mm avec trou de per\u00e7age\/enfoncement P\u00f4le Nord","og_description":"Vous cherchez un Aimant annulaire 42 x 9,5 x 4,5 x 4,0 mm avec trou de per\u00e7age\/enfoncement P\u00f4le Nord? Les aimants peuvent \u00eatre achet\u00e9s facilement en ligne sur Magnetenspecialist.nl \u2713 1 jour ouvrable de d\u00e9lai de livraison \u2713 14 jours de d\u00e9lai de r\u00e9flexion \u2713 Exp\u00e9dition ou enl\u00e8vement *.","og_url":"https:\/\/www.magnetenspecialist.nl\/fr\/magasin\/anneaux-magnetiques\/schijf-magneet-42-x-55-x-40-mm-n35-vernikkeld\/","og_site_name":"Magnetenspecialist.nl","article_publisher":"https:\/\/www.facebook.com\/Magnetenspecialist.nl","article_modified_time":"2025-03-18T14:54:18+00:00","og_image":[{"width":1500,"height":1500,"url":"https:\/\/www.magnetenspecialist.nl\/wp-content\/uploads\/2021\/05\/Magnetenspecialist.nl_Ringmagneet-42-x-95-x-45-x-40-mm-N35-Vernikkeld_1.jpg","type":"image\/jpeg"}],"twitter_card":"summary_large_image","twitter_site":"@magnetenspecial","twitter_misc":{"Prix":"&euro;&nbsp;6,32","Disponibilit\u00e9":"En stock"},"schema":{"@context":"https:\/\/schema.org","@graph":[{"@type":"WebPage","@id":"https:\/\/www.magnetenspecialist.nl\/fr\/magasin\/anneaux-magnetiques\/schijf-magneet-42-x-55-x-40-mm-n35-vernikkeld\/","url":"https:\/\/www.magnetenspecialist.nl\/fr\/magasin\/anneaux-magnetiques\/schijf-magneet-42-x-55-x-40-mm-n35-vernikkeld\/","name":"Aimant Annulaire 42 x 9,5 x 4,5 x 4,0 mm avec Trou de Per\u00e7age\/Enfoncement P\u00f4le Nord","isPartOf":{"@id":"https:\/\/www.magnetenspecialist.nl\/fr\/#website"},"primaryImageOfPage":{"@id":"https:\/\/www.magnetenspecialist.nl\/fr\/magasin\/anneaux-magnetiques\/schijf-magneet-42-x-55-x-40-mm-n35-vernikkeld\/#primaryimage"},"image":{"@id":"https:\/\/www.magnetenspecialist.nl\/fr\/magasin\/anneaux-magnetiques\/schijf-magneet-42-x-55-x-40-mm-n35-vernikkeld\/#primaryimage"},"thumbnailUrl":"https:\/\/www.magnetenspecialist.nl\/wp-content\/uploads\/2021\/05\/Magnetenspecialist.nl_Ringmagneet-42-x-95-x-45-x-40-mm-N35-Vernikkeld_1.jpg","datePublished":"2021-03-18T17:38:55+00:00","dateModified":"2025-03-18T14:54:18+00:00","description":"Vous cherchez un Aimant annulaire 42 x 9,5 x 4,5 x 4,0 mm avec trou de per\u00e7age\/enfoncement P\u00f4le Nord? Les aimants peuvent \u00eatre achet\u00e9s facilement en ligne sur Magnetenspecialist.nl \u2713 1 jour ouvrable de d\u00e9lai de livraison \u2713 14 jours de d\u00e9lai de r\u00e9flexion \u2713 Exp\u00e9dition ou enl\u00e8vement *.","breadcrumb":{"@id":"https:\/\/www.magnetenspecialist.nl\/fr\/magasin\/anneaux-magnetiques\/schijf-magneet-42-x-55-x-40-mm-n35-vernikkeld\/#breadcrumb"},"inLanguage":"fr-FR","potentialAction":[{"@type":"ReadAction","target":["https:\/\/www.magnetenspecialist.nl\/fr\/magasin\/anneaux-magnetiques\/schijf-magneet-42-x-55-x-40-mm-n35-vernikkeld\/"]}]},{"@type":"ImageObject","inLanguage":"fr-FR","@id":"https:\/\/www.magnetenspecialist.nl\/fr\/magasin\/anneaux-magnetiques\/schijf-magneet-42-x-55-x-40-mm-n35-vernikkeld\/#primaryimage","url":"https:\/\/www.magnetenspecialist.nl\/wp-content\/uploads\/2021\/05\/Magnetenspecialist.nl_Ringmagneet-42-x-95-x-45-x-40-mm-N35-Vernikkeld_1.jpg","contentUrl":"https:\/\/www.magnetenspecialist.nl\/wp-content\/uploads\/2021\/05\/Magnetenspecialist.nl_Ringmagneet-42-x-95-x-45-x-40-mm-N35-Vernikkeld_1.jpg","width":1500,"height":1500},{"@type":"BreadcrumbList","@id":"https:\/\/www.magnetenspecialist.nl\/fr\/magasin\/anneaux-magnetiques\/schijf-magneet-42-x-55-x-40-mm-n35-vernikkeld\/#breadcrumb","itemListElement":[{"@type":"ListItem","position":1,"name":"Accueil","item":"https:\/\/www.magnetenspecialist.nl\/fr\/accueil\/"},{"@type":"ListItem","position":2,"name":"Boutique","item":"https:\/\/www.magnetenspecialist.nl\/fr\/boutique\/"},{"@type":"ListItem","position":3,"name":"Aimant annulaire 42 x 9,5 x 4,5 x 4,0 mm avec trou de per\u00e7age\/enfoncement P\u00f4le Nord"}]},{"@type":"WebSite","@id":"https:\/\/www.magnetenspecialist.nl\/fr\/#website","url":"https:\/\/www.magnetenspecialist.nl\/fr\/","name":"Magnetenspecialist.nl","description":"Vaste gamme d'aimants en n\u00e9odyme","publisher":{"@id":"https:\/\/www.magnetenspecialist.nl\/fr\/#organization"},"potentialAction":[{"@type":"SearchAction","target":{"@type":"EntryPoint","urlTemplate":"https:\/\/www.magnetenspecialist.nl\/fr\/?s={search_term_string}"},"query-input":{"@type":"PropertyValueSpecification","valueRequired":true,"valueName":"search_term_string"}}],"inLanguage":"fr-FR"},{"@type":"Organization","@id":"https:\/\/www.magnetenspecialist.nl\/fr\/#organization","name":"Magnetenspecialist.nl","url":"https:\/\/www.magnetenspecialist.nl\/fr\/","logo":{"@type":"ImageObject","inLanguage":"fr-FR","@id":"https:\/\/www.magnetenspecialist.nl\/fr\/#\/schema\/logo\/image\/","url":"https:\/\/www.magnetenspecialist.nl\/wp-content\/uploads\/2018\/10\/magneten-logo.jpg","contentUrl":"https:\/\/www.magnetenspecialist.nl\/wp-content\/uploads\/2018\/10\/magneten-logo.jpg","width":151,"height":151,"caption":"Magnetenspecialist.nl"},"image":{"@id":"https:\/\/www.magnetenspecialist.nl\/fr\/#\/schema\/logo\/image\/"},"sameAs":["https:\/\/www.facebook.com\/Magnetenspecialist.nl","https:\/\/x.com\/magnetenspecial"]}]},"product_price_amount":"6.32","product_price_currency":"EUR","og_availability":"instock","product_availability":"instock","product_retailer_item_id":"riz040x004.5x0095x004-N","product_condition":"new"},"_links":{"self":[{"href":"https:\/\/www.magnetenspecialist.nl\/fr\/wp-json\/wp\/v2\/product\/99776","targetHints":{"allow":["GET"]}}],"collection":[{"href":"https:\/\/www.magnetenspecialist.nl\/fr\/wp-json\/wp\/v2\/product"}],"about":[{"href":"https:\/\/www.magnetenspecialist.nl\/fr\/wp-json\/wp\/v2\/types\/product"}],"wp:featuredmedia":[{"embeddable":true,"href":"https:\/\/www.magnetenspecialist.nl\/fr\/wp-json\/wp\/v2\/media\/112591"}],"wp:attachment":[{"href":"https:\/\/www.magnetenspecialist.nl\/fr\/wp-json\/wp\/v2\/media?parent=99776"}],"wp:term":[{"taxonomy":"product_brand","embeddable":true,"href":"https:\/\/www.magnetenspecialist.nl\/fr\/wp-json\/wp\/v2\/product_brand?post=99776"},{"taxonomy":"product_cat","embeddable":true,"href":"https:\/\/www.magnetenspecialist.nl\/fr\/wp-json\/wp\/v2\/product_cat?post=99776"},{"taxonomy":"product_tag","embeddable":true,"href":"https:\/\/www.magnetenspecialist.nl\/fr\/wp-json\/wp\/v2\/product_tag?post=99776"}],"curies":[{"name":"wp","href":"https:\/\/api.w.org\/{rel}","templated":true}]}}